{"id":25085,"date":"2025-11-10T16:58:50","date_gmt":"2025-11-10T15:58:50","guid":{"rendered":"https:\/\/infairno.com\/?post_type=product&#038;p=25085"},"modified":"2026-04-09T12:50:40","modified_gmt":"2026-04-09T10:50:40","slug":"julia-dress-noir","status":"publish","type":"product","link":"https:\/\/infairno.com\/en\/produkt\/julia-dress-noir\/","title":{"rendered":"JULIA Dress Noir"},"content":{"rendered":"<p><strong>Wymiary:<\/strong><\/p>\n<table>\n<tbody>\n<tr>\n<td>Rozmiar:<\/td>\n<td>S<\/td>\n<td>M<\/td>\n<td>S<\/td>\n<\/tr>\n<tr>\n<td>Szeroko\u015b\u0107 pod pachami:<\/td>\n<td>45cm<\/td>\n<td>47cm<\/td>\n<td>49cm<\/td>\n<\/tr>\n<tr>\n<td>D\u0142ugo\u015b\u0107 ca\u0142kowita:<\/td>\n<td>132cm<\/td>\n<td>134cm<\/td>\n<td>136cm<\/td>\n<\/tr>\n<tr>\n<td>Szeroko\u015b\u0107 w biodrach:<\/td>\n<td>50cm<\/td>\n<td>52cm<\/td>\n<td>54cm<\/td>\n<\/tr>\n<\/tbody>\n<\/table>\n<p>Ubrania mierzone s\u0105 na p\u0142asko i wymiary mog\u0105 si\u0119 r\u00f3\u017cni\u0107 +\/- 2cm.<\/p>\n<p><strong>Sk\u0142ad:<\/strong><br \/>\n100% wiskoza Oeko-Tex Standard 100<br \/>\nPochodzenie: EU<\/p>\n<p><strong>Kolor:<\/strong><br \/>\nczarny<\/p>\n","protected":false},"excerpt":{"rendered":"<p>JULIA to romantyczna maxi sukienka, kt\u00f3ra idealnie dopasowuje si\u0119 do\u00a0 sylwetki,\u00a0 podkre\u015blaj\u0105c figur\u0119. Pi\u0119kny, \u017cakardowy materia\u0142 dodaje jej uroku i szlachetno\u015bci. Julia to \u015bwietny wyb\u00f3r na romantyczny wiecz\u00f3r we dwoje lub wypad ze znajomymi.<span><br \/>\n<\/span><\/p>\n","protected":false},"featured_media":25103,"template":"","meta":{"_uf_show_specific_survey":0,"_uf_disable_surveys":false},"product_brand":[],"product_cat":[77,78,23,76,21,79],"product_tag":[],"class_list":{"0":"post-25085","1":"product","2":"type-product","3":"status-publish","4":"has-post-thumbnail","6":"product_cat-beach","7":"product_cat-casual","8":"product_cat-new-in","9":"product_cat-party","10":"product_cat-sukienki","11":"product_cat-wedding","13":"first","14":"outofstock","15":"shipping-taxable","16":"purchasable","17":"product-type-variable"},"jetpack_sharing_enabled":true,"_links":{"self":[{"href":"https:\/\/infairno.com\/en\/wp-json\/wp\/v2\/product\/25085","targetHints":{"allow":["GET"]}}],"collection":[{"href":"https:\/\/infairno.com\/en\/wp-json\/wp\/v2\/product"}],"about":[{"href":"https:\/\/infairno.com\/en\/wp-json\/wp\/v2\/types\/product"}],"wp:featuredmedia":[{"embeddable":true,"href":"https:\/\/infairno.com\/en\/wp-json\/wp\/v2\/media\/25103"}],"wp:attachment":[{"href":"https:\/\/infairno.com\/en\/wp-json\/wp\/v2\/media?parent=25085"}],"wp:term":[{"taxonomy":"product_brand","embeddable":true,"href":"https:\/\/infairno.com\/en\/wp-json\/wp\/v2\/product_brand?post=25085"},{"taxonomy":"product_cat","embeddable":true,"href":"https:\/\/infairno.com\/en\/wp-json\/wp\/v2\/product_cat?post=25085"},{"taxonomy":"product_tag","embeddable":true,"href":"https:\/\/infairno.com\/en\/wp-json\/wp\/v2\/product_tag?post=25085"}],"curies":[{"name":"wp","href":"https:\/\/api.w.org\/{rel}","templated":true}]}}