{"id":25065,"date":"2025-11-10T16:52:54","date_gmt":"2025-11-10T15:52:54","guid":{"rendered":"https:\/\/infairno.com\/?post_type=product&#038;p=25065"},"modified":"2026-04-09T08:08:59","modified_gmt":"2026-04-09T06:08:59","slug":"aurora-dress-night","status":"publish","type":"product","link":"https:\/\/infairno.com\/en\/produkt\/aurora-dress-night\/","title":{"rendered":"AURORA Dress Night"},"content":{"rendered":"<p><strong>Wymiary:<\/strong><\/p>\n<table>\n<tbody>\n<tr>\n<td>Rozmiar:<\/td>\n<td>S<\/td>\n<td>M<\/td>\n<td>S<\/td>\n<\/tr>\n<tr>\n<td>Szeroko\u015b\u0107 pod pachami:<\/td>\n<td>50cm<\/td>\n<td>52cm<\/td>\n<td>54cm<\/td>\n<\/tr>\n<tr>\n<td>D\u0142ugo\u015b\u0107 ca\u0142kowita:<\/td>\n<td>87cm<\/td>\n<td>88cm<\/td>\n<td>89cm<\/td>\n<\/tr>\n<tr>\n<td>D\u0142ugo\u015b\u0107 r\u0119kawa:<\/td>\n<td>75cm<\/td>\n<td>77cm<\/td>\n<td>78cm<\/td>\n<\/tr>\n<\/tbody>\n<\/table>\n<p>Ubrania mierzone s\u0105 na p\u0142asko i wymiary mog\u0105 si\u0119 r\u00f3\u017cni\u0107 +\/- 2cm.<\/p>\n<p><strong>Sk\u0142ad:<\/strong><br \/>\n100% wiskoza Oeko-Tex Standard 100<br \/>\nPochodzenie: EU<\/p>\n<p><strong>Kolor:<\/strong><br \/>\nczarny<\/p>\n","protected":false},"excerpt":{"rendered":"<p>AURORA to mniejsza siostra naszej pon\u0119tnej SOFIA Dress, kt\u00f3ra powsta\u0142a w odpowiedzi na liczne pro\u015bby tych z Was, kt\u00f3re kochaj\u0105 d\u0142ugo\u015b\u0107 mini.\u00a0 Mimo prowokacyjnej d\u0142ugo\u015bci AURORA zachowa\u0142a elegancj\u0119 i dostojno\u015b\u0107.<\/p>\n<p>Cechy: bufiaste r\u0119kawy, marszczenie na przodzie<\/p>\n","protected":false},"featured_media":25069,"template":"","meta":{"_uf_show_specific_survey":0,"_uf_disable_surveys":false},"product_brand":[],"product_cat":[77,23,76,21,79],"product_tag":[],"class_list":{"0":"post-25065","1":"product","2":"type-product","3":"status-publish","4":"has-post-thumbnail","6":"product_cat-beach","7":"product_cat-new-in","8":"product_cat-party","9":"product_cat-sukienki","10":"product_cat-wedding","12":"first","13":"outofstock","14":"shipping-taxable","15":"purchasable","16":"product-type-variable"},"jetpack_sharing_enabled":true,"_links":{"self":[{"href":"https:\/\/infairno.com\/en\/wp-json\/wp\/v2\/product\/25065","targetHints":{"allow":["GET"]}}],"collection":[{"href":"https:\/\/infairno.com\/en\/wp-json\/wp\/v2\/product"}],"about":[{"href":"https:\/\/infairno.com\/en\/wp-json\/wp\/v2\/types\/product"}],"wp:featuredmedia":[{"embeddable":true,"href":"https:\/\/infairno.com\/en\/wp-json\/wp\/v2\/media\/25069"}],"wp:attachment":[{"href":"https:\/\/infairno.com\/en\/wp-json\/wp\/v2\/media?parent=25065"}],"wp:term":[{"taxonomy":"product_brand","embeddable":true,"href":"https:\/\/infairno.com\/en\/wp-json\/wp\/v2\/product_brand?post=25065"},{"taxonomy":"product_cat","embeddable":true,"href":"https:\/\/infairno.com\/en\/wp-json\/wp\/v2\/product_cat?post=25065"},{"taxonomy":"product_tag","embeddable":true,"href":"https:\/\/infairno.com\/en\/wp-json\/wp\/v2\/product_tag?post=25065"}],"curies":[{"name":"wp","href":"https:\/\/api.w.org\/{rel}","templated":true}]}}