{"id":25049,"date":"2025-11-10T16:47:06","date_gmt":"2025-11-10T15:47:06","guid":{"rendered":"https:\/\/infairno.com\/?post_type=product&#038;p=25049"},"modified":"2026-04-09T22:14:54","modified_gmt":"2026-04-09T20:14:54","slug":"ama-hoodie-cream","status":"publish","type":"product","link":"https:\/\/infairno.com\/en\/produkt\/ama-hoodie-cream\/","title":{"rendered":"AMA Hoodie Cream"},"content":{"rendered":"<p><strong>Wymiary:<\/strong><\/p>\n<table>\n<tbody>\n<tr>\n<td>\n<div data-redactor-tag=\"tbr\">Size:<\/div>\n<\/td>\n<td>\n<div data-redactor-tag=\"tbr\">S\/M<\/div>\n<\/td>\n<td>\n<div data-redactor-tag=\"tbr\">M\/L<\/div>\n<\/td>\n<\/tr>\n<tr>\n<td>\n<div data-redactor-tag=\"tbr\">Szeroko\u015b\u0107 pod pachami:<\/div>\n<\/td>\n<td>72cm<\/td>\n<td>76cm<\/td>\n<\/tr>\n<tr>\n<td>\n<div data-redactor-tag=\"tbr\">D\u0142ugo\u015b\u0107 r\u0119kawa:<\/div>\n<\/td>\n<td>\n<div data-redactor-tag=\"tbr\">87cm<\/div>\n<\/td>\n<td>\n<div data-redactor-tag=\"tbr\">91cm<\/div>\n<\/td>\n<\/tr>\n<tr>\n<td>\n<div data-redactor-tag=\"tbr\">D\u0142ugo\u015b\u0107 ca\u0142kowita:<\/div>\n<\/td>\n<td>\n<div data-redactor-tag=\"tbr\">87cm<\/div>\n<\/td>\n<td>\n<div data-redactor-tag=\"tbr\">92cm<\/div>\n<\/td>\n<\/tr>\n<\/tbody>\n<\/table>\n<p>Ubrania mierzone s\u0105 na p\u0142asko i wymiary mog\u0105 si\u0119 r\u00f3\u017cni\u0107 +\/- 2cm.<\/p>\n<p><strong>Sk\u0142ad:<\/strong><br \/>\n100% bawe\u0142na Oeko-Tex Standard 100<br \/>\nPochodzenie: EU<\/p>\n<p><strong>Kolor:<\/strong><br \/>\nkremowy<\/p>\n<p>&nbsp;<\/p>\n<p>&nbsp;<\/p>\n","protected":false},"excerpt":{"rendered":"<p>Oversizeowa COZZ Hoodie to bluzo sukienka, kt\u00f3ra zosta\u0142a uszyta z super przyjemnej bawe\u0142ny z efektem peach skin. Surowe wyko\u0144czenia oraz d\u0142ugie, wywijane r\u0119kawy dodaj\u0105 jest charakteru. Ma jeden minus &#8211; jak j\u0105 za\u0142o\u017cysz to nie b\u0119dziesz chcia\u0142a ju\u017c nic innego nosi\u0107.<\/p>\n","protected":false},"featured_media":25060,"template":"","meta":{"_uf_show_specific_survey":0,"_uf_disable_surveys":false},"product_brand":[],"product_cat":[56,78,23,21],"product_tag":[],"class_list":{"0":"post-25049","1":"product","2":"type-product","3":"status-publish","4":"has-post-thumbnail","6":"product_cat-bestseller","7":"product_cat-casual","8":"product_cat-new-in","9":"product_cat-sukienki","11":"first","12":"outofstock","13":"shipping-taxable","14":"purchasable","15":"product-type-variable"},"jetpack_sharing_enabled":true,"_links":{"self":[{"href":"https:\/\/infairno.com\/en\/wp-json\/wp\/v2\/product\/25049","targetHints":{"allow":["GET"]}}],"collection":[{"href":"https:\/\/infairno.com\/en\/wp-json\/wp\/v2\/product"}],"about":[{"href":"https:\/\/infairno.com\/en\/wp-json\/wp\/v2\/types\/product"}],"wp:featuredmedia":[{"embeddable":true,"href":"https:\/\/infairno.com\/en\/wp-json\/wp\/v2\/media\/25060"}],"wp:attachment":[{"href":"https:\/\/infairno.com\/en\/wp-json\/wp\/v2\/media?parent=25049"}],"wp:term":[{"taxonomy":"product_brand","embeddable":true,"href":"https:\/\/infairno.com\/en\/wp-json\/wp\/v2\/product_brand?post=25049"},{"taxonomy":"product_cat","embeddable":true,"href":"https:\/\/infairno.com\/en\/wp-json\/wp\/v2\/product_cat?post=25049"},{"taxonomy":"product_tag","embeddable":true,"href":"https:\/\/infairno.com\/en\/wp-json\/wp\/v2\/product_tag?post=25049"}],"curies":[{"name":"wp","href":"https:\/\/api.w.org\/{rel}","templated":true}]}}