{"id":24606,"date":"2025-10-15T13:09:44","date_gmt":"2025-10-15T11:09:44","guid":{"rendered":"https:\/\/infairno.com\/?post_type=product&#038;p=24606"},"modified":"2026-04-17T22:10:54","modified_gmt":"2026-04-17T20:10:54","slug":"joanne-skirt-night","status":"publish","type":"product","link":"https:\/\/infairno.com\/en\/produkt\/joanne-skirt-night\/","title":{"rendered":"JOANNE Skirt Night"},"content":{"rendered":"<p><strong>Wymiary:<\/strong><\/p>\n<table>\n<tbody>\n<tr>\n<td>Rozmiar:<\/td>\n<td>S<\/td>\n<td>M<\/td>\n<td>L<\/td>\n<\/tr>\n<tr>\n<td>Szeroko\u015b\u0107 w pasie:<\/td>\n<td>74cm<\/td>\n<td>78cm<\/td>\n<td>82cm<\/td>\n<\/tr>\n<tr>\n<td>Szeroko\u015b\u0107 w biodrach:<\/td>\n<td>96cm<\/td>\n<td>100cm<\/td>\n<td>104cm<\/td>\n<\/tr>\n<tr>\n<td>D\u0142ugo\u015b\u0107 ca\u0142kowita:<\/td>\n<td>90cm<\/td>\n<td>92cm<\/td>\n<td>94cm<\/td>\n<\/tr>\n<\/tbody>\n<\/table>\n<p>Ubrania mierzone s\u0105 na p\u0142asko i wymiary mog\u0105 si\u0119 r\u00f3\u017cni\u0107 +\/- 2cm.<\/p>\n<p><strong>Sk\u0142ad:<\/strong><br \/>\n100% tencel Oeko-Tex Standard 100<br \/>\nPochodzenie: EU<\/p>\n<p><strong>Kolor:<\/strong><br \/>\nczarny<\/p>\n<p>&nbsp;<\/p>\n","protected":false},"excerpt":{"rendered":"<p>JOAN Skirt to klasyk, kt\u00f3ry powinien si\u0119 znale\u017a\u0107 w ka\u017cdej szafie. Jej uniwersalna forma sprawdzi si\u0119 zar\u00f3wno do pracy jak r\u00f3wnie\u017c na wieczorne wypady ze znajomymi.<\/p>\n<p>Cechy: zamek w pasie, rozci\u0119cie z ty\u0142u,<\/p>\n","protected":false},"featured_media":24614,"template":"","meta":{"_uf_show_specific_survey":0,"_uf_disable_surveys":false},"product_brand":[],"product_cat":[56,78,76,20],"product_tag":[],"class_list":{"0":"post-24606","1":"product","2":"type-product","3":"status-publish","4":"has-post-thumbnail","6":"product_cat-bestseller","7":"product_cat-casual","8":"product_cat-party","9":"product_cat-spodnice","11":"first","12":"instock","13":"shipping-taxable","14":"purchasable","15":"product-type-variable"},"jetpack_sharing_enabled":true,"_links":{"self":[{"href":"https:\/\/infairno.com\/en\/wp-json\/wp\/v2\/product\/24606","targetHints":{"allow":["GET"]}}],"collection":[{"href":"https:\/\/infairno.com\/en\/wp-json\/wp\/v2\/product"}],"about":[{"href":"https:\/\/infairno.com\/en\/wp-json\/wp\/v2\/types\/product"}],"wp:featuredmedia":[{"embeddable":true,"href":"https:\/\/infairno.com\/en\/wp-json\/wp\/v2\/media\/24614"}],"wp:attachment":[{"href":"https:\/\/infairno.com\/en\/wp-json\/wp\/v2\/media?parent=24606"}],"wp:term":[{"taxonomy":"product_brand","embeddable":true,"href":"https:\/\/infairno.com\/en\/wp-json\/wp\/v2\/product_brand?post=24606"},{"taxonomy":"product_cat","embeddable":true,"href":"https:\/\/infairno.com\/en\/wp-json\/wp\/v2\/product_cat?post=24606"},{"taxonomy":"product_tag","embeddable":true,"href":"https:\/\/infairno.com\/en\/wp-json\/wp\/v2\/product_tag?post=24606"}],"curies":[{"name":"wp","href":"https:\/\/api.w.org\/{rel}","templated":true}]}}