{"id":24105,"date":"2025-10-10T12:48:43","date_gmt":"2025-10-10T10:48:43","guid":{"rendered":"https:\/\/infairno.com\/?post_type=product&#038;p=24105"},"modified":"2026-04-08T09:33:43","modified_gmt":"2026-04-08T07:33:43","slug":"marjani-dress-amarillo","status":"publish","type":"product","link":"https:\/\/infairno.com\/en\/produkt\/marjani-dress-amarillo\/","title":{"rendered":"MARJANI Dress Amarillo"},"content":{"rendered":"<p><strong>Wymiary:<\/strong><\/p>\n<table>\n<tbody>\n<tr>\n<td>Rozmiar:<\/td>\n<td>S<\/td>\n<td>M<\/td>\n<td>L<\/td>\n<\/tr>\n<tr>\n<td>Szeroko\u015b\u0107 pod pachami:<\/td>\n<td>50cm<\/td>\n<td>52cm<\/td>\n<td>54cm<\/td>\n<\/tr>\n<tr>\n<td>D\u0142ugo\u015b\u0107 ca\u0142kowita:<\/td>\n<td>93cm<\/td>\n<td>95cm<\/td>\n<td>97cm<\/td>\n<\/tr>\n<tr>\n<td>D\u0142ugo\u015b\u0107 r\u0119kawa:<\/td>\n<td>75cm<\/td>\n<td>77cm<\/td>\n<td>78cm<\/td>\n<\/tr>\n<\/tbody>\n<\/table>\n<p>Ubrania mierzone s\u0105 na p\u0142asko i wymiary mog\u0105 si\u0119 r\u00f3\u017cni\u0107 +\/- 2cm.<\/p>\n<p><strong>Sk\u0142ad:<\/strong><br \/>\n53% wiskoza\u00a0 47% lyocell Oeko-Tex Standard 100<br \/>\nPochodzenie: EU<\/p>\n<p><strong>Kolor:<\/strong><br \/>\nzgaszony z\u00f3\u0142ty<\/p>\n<p>&nbsp;<\/p>\n","protected":false},"excerpt":{"rendered":"<p>MARJANI Dress to sukienka idealna na wesele, wyj\u015bcia na imprez\u0119 czy na co dzie\u0144. Ten model z pewno\u015bci\u0105 przyci\u0105gnie uwag\u0119 wszystkich wok\u00f3\u0142 Ciebie. Je\u015bli szukasz czego\u015b eleganckiego, a jednocze\u015bnie wygodnego i stylowego, ta propozycja spe\u0142ni Twoje oczekiwania.<\/p>\n<p>Cechy: gumka w pasie, zamek z boku sukienki, mo\u017cliwo\u015b\u0107 regulacji d\u0142ugo\u015bci sukienki<\/p>\n","protected":false},"featured_media":24113,"template":"","meta":{"_uf_show_specific_survey":0,"_uf_disable_surveys":false},"product_brand":[],"product_cat":[78,76,21,79],"product_tag":[],"class_list":{"0":"post-24105","1":"product","2":"type-product","3":"status-publish","4":"has-post-thumbnail","6":"product_cat-casual","7":"product_cat-party","8":"product_cat-sukienki","9":"product_cat-wedding","11":"first","12":"outofstock","13":"shipping-taxable","14":"purchasable","15":"product-type-variable"},"jetpack_sharing_enabled":true,"_links":{"self":[{"href":"https:\/\/infairno.com\/en\/wp-json\/wp\/v2\/product\/24105","targetHints":{"allow":["GET"]}}],"collection":[{"href":"https:\/\/infairno.com\/en\/wp-json\/wp\/v2\/product"}],"about":[{"href":"https:\/\/infairno.com\/en\/wp-json\/wp\/v2\/types\/product"}],"wp:featuredmedia":[{"embeddable":true,"href":"https:\/\/infairno.com\/en\/wp-json\/wp\/v2\/media\/24113"}],"wp:attachment":[{"href":"https:\/\/infairno.com\/en\/wp-json\/wp\/v2\/media?parent=24105"}],"wp:term":[{"taxonomy":"product_brand","embeddable":true,"href":"https:\/\/infairno.com\/en\/wp-json\/wp\/v2\/product_brand?post=24105"},{"taxonomy":"product_cat","embeddable":true,"href":"https:\/\/infairno.com\/en\/wp-json\/wp\/v2\/product_cat?post=24105"},{"taxonomy":"product_tag","embeddable":true,"href":"https:\/\/infairno.com\/en\/wp-json\/wp\/v2\/product_tag?post=24105"}],"curies":[{"name":"wp","href":"https:\/\/api.w.org\/{rel}","templated":true}]}}