{"id":23615,"date":"2025-09-11T10:16:23","date_gmt":"2025-09-11T08:16:23","guid":{"rendered":"https:\/\/infairno.com\/?post_type=product&#038;p=23615"},"modified":"2026-04-08T13:15:00","modified_gmt":"2026-04-08T11:15:00","slug":"anadress-cream","status":"publish","type":"product","link":"https:\/\/infairno.com\/en\/produkt\/anadress-cream\/","title":{"rendered":"ANA Dress Cream"},"content":{"rendered":"<p><strong>Wymiary:<\/strong><\/p>\n<table>\n<tbody>\n<tr>\n<td>\n<div data-redactor-tag=\"tbr\">Size:<\/div>\n<\/td>\n<td>\n<div data-redactor-tag=\"tbr\">S\/M<\/div>\n<\/td>\n<td>\n<div data-redactor-tag=\"tbr\">M\/L<\/div>\n<\/td>\n<\/tr>\n<tr>\n<td>\n<div data-redactor-tag=\"tbr\">Szeroko\u015b\u0107 pod pachami:<\/div>\n<\/td>\n<td>47cm<\/td>\n<td>49cm<\/td>\n<\/tr>\n<tr>\n<td>\n<div data-redactor-tag=\"tbr\">Szeroko\u015b\u0107 w biodrach:<\/div>\n<\/td>\n<td>\n<div data-redactor-tag=\"tbr\">48cm<\/div>\n<\/td>\n<td>\n<div data-redactor-tag=\"tbr\">50cm<\/div>\n<\/td>\n<\/tr>\n<tr>\n<td>\n<div data-redactor-tag=\"tbr\">D\u0142ugo\u015b\u0107 ca\u0142kowita:<\/div>\n<\/td>\n<td>\n<div data-redactor-tag=\"tbr\">135cm<\/div>\n<\/td>\n<td>\n<div data-redactor-tag=\"tbr\">137cm<\/div>\n<\/td>\n<\/tr>\n<\/tbody>\n<\/table>\n<p>Ubrania mierzone s\u0105 na p\u0142asko i wymiary mog\u0105 si\u0119 r\u00f3\u017cni\u0107 +\/- 2cm.<\/p>\n<p>Nicole ma 172cm wzrostu i nosi roz. S\/M.<\/p>\n<p><strong>Sk\u0142ad:<\/strong><br \/>\n93% wiskoza 7% elastan Oeko-Tex Standard 100<br \/>\nPochodzenie: EU<\/p>\n<p>&nbsp;<\/p>\n","protected":false},"excerpt":{"rendered":"<p>Poznajcie nasz\u0105 gor\u0105c\u0105 ANA Dress z przeprzyjemnej wiskozy. Jej delikatnie rozszerzaj\u0105cy si\u0119 ku do\u0142owi kr\u00f3j czyni j\u0105 wyj\u0105tkowo komfortow\u0105, a maxi d\u0142ugo\u015b\u0107 nadaje jej powagi i elegancji. Ta uniwersalna sukienka sprawdzi si\u0119 na ka\u017cd\u0105 okazj\u0119.<\/p>\n","protected":false},"featured_media":21844,"template":"","meta":{"_uf_show_specific_survey":0,"_uf_disable_surveys":false},"product_brand":[],"product_cat":[77,56,78,76,16,21,79],"product_tag":[],"class_list":{"0":"post-23615","1":"product","2":"type-product","3":"status-publish","4":"has-post-thumbnail","6":"product_cat-beach","7":"product_cat-bestseller","8":"product_cat-casual","9":"product_cat-party","10":"product_cat-sale","11":"product_cat-sukienki","12":"product_cat-wedding","14":"first","15":"outofstock","16":"shipping-taxable","17":"purchasable","18":"product-type-variable"},"jetpack_sharing_enabled":true,"_links":{"self":[{"href":"https:\/\/infairno.com\/en\/wp-json\/wp\/v2\/product\/23615","targetHints":{"allow":["GET"]}}],"collection":[{"href":"https:\/\/infairno.com\/en\/wp-json\/wp\/v2\/product"}],"about":[{"href":"https:\/\/infairno.com\/en\/wp-json\/wp\/v2\/types\/product"}],"wp:featuredmedia":[{"embeddable":true,"href":"https:\/\/infairno.com\/en\/wp-json\/wp\/v2\/media\/21844"}],"wp:attachment":[{"href":"https:\/\/infairno.com\/en\/wp-json\/wp\/v2\/media?parent=23615"}],"wp:term":[{"taxonomy":"product_brand","embeddable":true,"href":"https:\/\/infairno.com\/en\/wp-json\/wp\/v2\/product_brand?post=23615"},{"taxonomy":"product_cat","embeddable":true,"href":"https:\/\/infairno.com\/en\/wp-json\/wp\/v2\/product_cat?post=23615"},{"taxonomy":"product_tag","embeddable":true,"href":"https:\/\/infairno.com\/en\/wp-json\/wp\/v2\/product_tag?post=23615"}],"curies":[{"name":"wp","href":"https:\/\/api.w.org\/{rel}","templated":true}]}}