{"id":22261,"date":"2025-07-05T12:51:56","date_gmt":"2025-07-05T10:51:56","guid":{"rendered":"https:\/\/infairno.com\/?post_type=product&#038;p=22261"},"modified":"2026-04-08T14:56:02","modified_gmt":"2026-04-08T12:56:02","slug":"trixie-dress-choco","status":"publish","type":"product","link":"https:\/\/infairno.com\/en\/produkt\/trixie-dress-choco\/","title":{"rendered":"Trixie Dress Choco"},"content":{"rendered":"<p><strong>Wymiary:<\/strong><\/p>\n<table style=\"height: 100px;\" width=\"286\">\n<tbody>\n<tr>\n<td>Rozmiar:<\/td>\n<td>S<\/td>\n<td>M<\/td>\n<td>L<\/td>\n<\/tr>\n<tr>\n<td>Szeroko\u015b\u0107 pod pachami:<\/td>\n<td>53cm<\/td>\n<td>54cm<\/td>\n<td>55cm<\/td>\n<\/tr>\n<tr>\n<td>D\u0142ugo\u015b\u0107 ca\u0142kowita:<\/td>\n<td>136cm<\/td>\n<td>137cm<\/td>\n<td>138cm<\/td>\n<\/tr>\n<tr>\n<td>D\u0142ugo\u015b\u0107 r\u0119kawa:<\/td>\n<td>7cm<\/td>\n<td>8cm<\/td>\n<td>9cm<\/td>\n<\/tr>\n<\/tbody>\n<\/table>\n<p>Ubrania mierzone s\u0105 na p\u0142asko i wymiary mog\u0105 si\u0119 r\u00f3\u017cni\u0107 +\/- 2cm.<\/p>\n<p>Nicole ma 172cm wzrostu i nosi roz. M.<\/p>\n<p><strong>Sk\u0142ad:<\/strong><br \/>\n100% wiskoza Oeko-Tex Standard 100<br \/>\nPochodzenie: EU<\/p>\n<p>&nbsp;<\/p>\n","protected":false},"excerpt":{"rendered":"<p>Seksowna i dzika Trixie to nasz flagowy model, kt\u00f3ry pokocha\u0142y setki dziewczyn! Tym razem postawi\u0142y\u015bmy na seksown\u0105 ods\u0142on\u0119, kt\u00f3ra idealnie si\u0119 sprawdzi podczas nadchodz\u0105cych gor\u0105cych wieczor\u00f3w.<\/p>\n","protected":false},"featured_media":22271,"template":"","meta":{"_uf_show_specific_survey":0,"_uf_disable_surveys":false},"product_brand":[],"product_cat":[77,56,76,16,21,79],"product_tag":[],"class_list":{"0":"post-22261","1":"product","2":"type-product","3":"status-publish","4":"has-post-thumbnail","6":"product_cat-beach","7":"product_cat-bestseller","8":"product_cat-party","9":"product_cat-sale","10":"product_cat-sukienki","11":"product_cat-wedding","13":"first","14":"outofstock","15":"shipping-taxable","16":"purchasable","17":"product-type-variable"},"jetpack_sharing_enabled":true,"_links":{"self":[{"href":"https:\/\/infairno.com\/en\/wp-json\/wp\/v2\/product\/22261","targetHints":{"allow":["GET"]}}],"collection":[{"href":"https:\/\/infairno.com\/en\/wp-json\/wp\/v2\/product"}],"about":[{"href":"https:\/\/infairno.com\/en\/wp-json\/wp\/v2\/types\/product"}],"wp:featuredmedia":[{"embeddable":true,"href":"https:\/\/infairno.com\/en\/wp-json\/wp\/v2\/media\/22271"}],"wp:attachment":[{"href":"https:\/\/infairno.com\/en\/wp-json\/wp\/v2\/media?parent=22261"}],"wp:term":[{"taxonomy":"product_brand","embeddable":true,"href":"https:\/\/infairno.com\/en\/wp-json\/wp\/v2\/product_brand?post=22261"},{"taxonomy":"product_cat","embeddable":true,"href":"https:\/\/infairno.com\/en\/wp-json\/wp\/v2\/product_cat?post=22261"},{"taxonomy":"product_tag","embeddable":true,"href":"https:\/\/infairno.com\/en\/wp-json\/wp\/v2\/product_tag?post=22261"}],"curies":[{"name":"wp","href":"https:\/\/api.w.org\/{rel}","templated":true}]}}