{"id":21481,"date":"2025-06-25T19:23:40","date_gmt":"2025-06-25T17:23:40","guid":{"rendered":"https:\/\/infairno.com\/?post_type=product&#038;p=21481"},"modified":"2026-03-31T13:22:11","modified_gmt":"2026-03-31T11:22:11","slug":"say-kimono-cream","status":"publish","type":"product","link":"https:\/\/infairno.com\/en\/produkt\/say-kimono-cream\/","title":{"rendered":"SAY Kimono Cream"},"content":{"rendered":"<p><strong>Wymiary:<\/strong><\/p>\n<table>\n<tbody>\n<tr>\n<td contenteditable=\"true\">\n<div data-redactor-tag=\"tbr\">Size:<\/div>\n<\/td>\n<td contenteditable=\"true\">O\/N<\/td>\n<td contenteditable=\"true\">\n<div data-redactor-tag=\"tbr\">O\/N<\/div>\n<\/td>\n<\/tr>\n<tr>\n<td contenteditable=\"true\">\n<div data-redactor-tag=\"tbr\">Szeroko\u015b\u0107 pod pachami:<\/div>\n<\/td>\n<td contenteditable=\"true\">64cm<\/td>\n<td contenteditable=\"true\">64cm<\/td>\n<\/tr>\n<tr>\n<td contenteditable=\"true\">\n<div data-redactor-tag=\"tbr\">D\u0142ugo\u015b\u0107 r\u0119kawa:<\/div>\n<\/td>\n<td contenteditable=\"true\">\n<div data-redactor-tag=\"tbr\">54cm<\/div>\n<\/td>\n<td contenteditable=\"true\">\n<div data-redactor-tag=\"tbr\">54cm<\/div>\n<\/td>\n<\/tr>\n<tr>\n<td contenteditable=\"true\">\n<div data-redactor-tag=\"tbr\">D\u0142ugo\u015b\u0107 ca\u0142kowita:<\/div>\n<\/td>\n<td contenteditable=\"true\">\n<div data-redactor-tag=\"tbr\">155cm<\/div>\n<\/td>\n<td contenteditable=\"true\">\n<div data-redactor-tag=\"tbr\">155cm<\/div>\n<\/td>\n<\/tr>\n<\/tbody>\n<\/table>\n<p>Ubrania mierzone s\u0105 na p\u0142asko i wymiary mog\u0105 si\u0119 r\u00f3\u017cni\u0107 +\/- 2cm.<\/p>\n<p>Nicole ma 172cm wzrostu i nosi roz. O\/S.<\/p>\n<p><strong>Sk\u0142ad:<\/strong><br \/>\n85% wiskoza 15% len Oeko-Tex Standard 100<br \/>\nPochodzenie: EU<\/p>\n<p><strong>Kolor:<\/strong><br \/>\nkremowy<\/p>\n<p>&nbsp;<\/p>\n","protected":false},"excerpt":{"rendered":"<p>Kimono SAY\u00a0 to must have w ka\u017cdej szafie. Sprawdzi si\u0119 zar\u00f3wno jako sukienka, jak r\u00f3wnie\u017c narzutka podczas ch\u0142odniejszych letnich wieczor\u00f3w.<\/p>\n","protected":false},"featured_media":21497,"template":"","meta":{"_uf_show_specific_survey":0,"_uf_disable_surveys":false},"product_brand":[],"product_cat":[77,56,78,16,21],"product_tag":[],"class_list":{"0":"post-21481","1":"product","2":"type-product","3":"status-publish","4":"has-post-thumbnail","6":"product_cat-beach","7":"product_cat-bestseller","8":"product_cat-casual","9":"product_cat-sale","10":"product_cat-sukienki","12":"first","13":"outofstock","14":"shipping-taxable","15":"purchasable","16":"product-type-variable"},"jetpack_sharing_enabled":true,"_links":{"self":[{"href":"https:\/\/infairno.com\/en\/wp-json\/wp\/v2\/product\/21481","targetHints":{"allow":["GET"]}}],"collection":[{"href":"https:\/\/infairno.com\/en\/wp-json\/wp\/v2\/product"}],"about":[{"href":"https:\/\/infairno.com\/en\/wp-json\/wp\/v2\/types\/product"}],"wp:featuredmedia":[{"embeddable":true,"href":"https:\/\/infairno.com\/en\/wp-json\/wp\/v2\/media\/21497"}],"wp:attachment":[{"href":"https:\/\/infairno.com\/en\/wp-json\/wp\/v2\/media?parent=21481"}],"wp:term":[{"taxonomy":"product_brand","embeddable":true,"href":"https:\/\/infairno.com\/en\/wp-json\/wp\/v2\/product_brand?post=21481"},{"taxonomy":"product_cat","embeddable":true,"href":"https:\/\/infairno.com\/en\/wp-json\/wp\/v2\/product_cat?post=21481"},{"taxonomy":"product_tag","embeddable":true,"href":"https:\/\/infairno.com\/en\/wp-json\/wp\/v2\/product_tag?post=21481"}],"curies":[{"name":"wp","href":"https:\/\/api.w.org\/{rel}","templated":true}]}}