{"id":21455,"date":"2025-06-25T19:33:46","date_gmt":"2025-06-25T17:33:46","guid":{"rendered":"https:\/\/infairno.com\/?post_type=product&#038;p=21455"},"modified":"2026-04-13T17:54:33","modified_gmt":"2026-04-13T15:54:33","slug":"cala-dress-noir","status":"publish","type":"product","link":"https:\/\/infairno.com\/en\/produkt\/cala-dress-noir\/","title":{"rendered":"CALA Dress Noir"},"content":{"rendered":"<p><strong>Wymiary:<\/strong><\/p>\n<table>\n<tbody>\n<tr>\n<td>Rozmiar:<\/td>\n<td>S<\/td>\n<td>M<\/td>\n<td>L<\/td>\n<\/tr>\n<tr>\n<td>Szeroko\u015b\u0107 pod pachami:<\/td>\n<td>47cm<\/td>\n<td>49cm<\/td>\n<td>51cm<\/td>\n<\/tr>\n<tr>\n<td>D\u0142ugo\u015b\u0107 ca\u0142kowita:<\/td>\n<td>157cm<\/td>\n<td>158cm<\/td>\n<td>159cm<\/td>\n<\/tr>\n<tr>\n<td>D\u0142ugo\u015b\u0107 r\u0119kawa:<\/td>\n<td>33cm<\/td>\n<td>35cm<\/td>\n<td>37cm<\/td>\n<\/tr>\n<\/tbody>\n<\/table>\n<p>Ubrania mierzone s\u0105 na p\u0142asko i wymiary mog\u0105 si\u0119 r\u00f3\u017cni\u0107 +\/- 2cm.<\/p>\n<p>Nicole ma 172cm wzrostu i ma na sobie roz. M.<\/p>\n<p><strong>Sk\u0142ad:<\/strong><br \/>\n100% wiskoza\u00a0 Oeko-Tex Standard 100<br \/>\nPochodzenie: EU<\/p>\n<p><strong>Kolor:<\/strong><br \/>\nczarny<\/p>\n","protected":false},"excerpt":{"rendered":"<p>Poznajcie nasz\u0105 eleganck\u0105 CALA Dress.\u00a0 Jej wyj\u0105tkowy kr\u00f3j sprawia, \u017ce jest zawsze w centrum uwagi. Uszyta z jedwabistej, pi\u0119knie op\u0142ywaj\u0105cej cia\u0142o wiskozy czyni j\u0105 jeszcze szlachetniejsz\u0105.<\/p>\n","protected":false},"featured_media":21461,"template":"","meta":{"_uf_show_specific_survey":0,"_uf_disable_surveys":false},"product_brand":[],"product_cat":[76,16,21],"product_tag":[],"class_list":{"0":"post-21455","1":"product","2":"type-product","3":"status-publish","4":"has-post-thumbnail","6":"product_cat-party","7":"product_cat-sale","8":"product_cat-sukienki","10":"first","11":"instock","12":"shipping-taxable","13":"purchasable","14":"product-type-variable"},"jetpack_sharing_enabled":true,"_links":{"self":[{"href":"https:\/\/infairno.com\/en\/wp-json\/wp\/v2\/product\/21455","targetHints":{"allow":["GET"]}}],"collection":[{"href":"https:\/\/infairno.com\/en\/wp-json\/wp\/v2\/product"}],"about":[{"href":"https:\/\/infairno.com\/en\/wp-json\/wp\/v2\/types\/product"}],"wp:featuredmedia":[{"embeddable":true,"href":"https:\/\/infairno.com\/en\/wp-json\/wp\/v2\/media\/21461"}],"wp:attachment":[{"href":"https:\/\/infairno.com\/en\/wp-json\/wp\/v2\/media?parent=21455"}],"wp:term":[{"taxonomy":"product_brand","embeddable":true,"href":"https:\/\/infairno.com\/en\/wp-json\/wp\/v2\/product_brand?post=21455"},{"taxonomy":"product_cat","embeddable":true,"href":"https:\/\/infairno.com\/en\/wp-json\/wp\/v2\/product_cat?post=21455"},{"taxonomy":"product_tag","embeddable":true,"href":"https:\/\/infairno.com\/en\/wp-json\/wp\/v2\/product_tag?post=21455"}],"curies":[{"name":"wp","href":"https:\/\/api.w.org\/{rel}","templated":true}]}}