{"id":21287,"date":"2025-06-25T21:27:31","date_gmt":"2025-06-25T19:27:31","guid":{"rendered":"https:\/\/infairno.com\/?post_type=product&#038;p=21287"},"modified":"2026-04-19T20:33:43","modified_gmt":"2026-04-19T18:33:43","slug":"patie-dress","status":"publish","type":"product","link":"https:\/\/infairno.com\/en\/produkt\/patie-dress\/","title":{"rendered":"PATIE Dress"},"content":{"rendered":"<p><strong>Wymiary:<\/strong><\/p>\n<table>\n<tbody>\n<tr>\n<td>Rozmiar:<\/td>\n<td>S<\/td>\n<td>M<\/td>\n<td>L<\/td>\n<\/tr>\n<tr>\n<td>Szeroko\u015b\u0107 pod pachami:<\/td>\n<td>47cm<\/td>\n<td>49cm<\/td>\n<td>51cm<\/td>\n<\/tr>\n<tr>\n<td>D\u0142ugo\u015b\u0107 ca\u0142kowita:<\/td>\n<td>92cm<\/td>\n<td>94cm<\/td>\n<td>96cm<\/td>\n<\/tr>\n<tr>\n<td>D\u0142ugo\u015b\u0107 r\u0119kawa:<\/td>\n<td>33cm<\/td>\n<td>35cm<\/td>\n<td>37cm<\/td>\n<\/tr>\n<\/tbody>\n<\/table>\n<p>Ubrania mierzone s\u0105 na p\u0142asko i wymiary mog\u0105 si\u0119 r\u00f3\u017cni\u0107 +\/- 2cm.<\/p>\n<p>Nicole ma 172cm wzrostu i ma na sobie roz. M.<\/p>\n<p><strong>Sk\u0142ad:<\/strong><br \/>\n100% wiskoza\u00a0 Oeko-Tex Standard 100<br \/>\nPochodzenie: EU<\/p>\n<p><strong>Kolor:<\/strong><br \/>\nr\u00f3\u017cowy<\/p>\n","protected":false},"excerpt":{"rendered":"<p>Sukienka Patie to kr\u00f3tsza siostra naszej Paula Dress. Stanowi doskona\u0142y wyb\u00f3r na sezon wyj\u0105tkowych okazji \u2013 od \u015blub\u00f3w, przez rodzinne przyj\u0119cia do ca\u0142onocnych zabaw w klubie. Stylizuj j\u0105 z delikatnymi sanda\u0142ami, czerpi\u0105c z letnich dni to, co najpi\u0119kniejsze.<\/p>\n","protected":false},"featured_media":21293,"template":"","meta":{"_uf_show_specific_survey":0,"_uf_disable_surveys":false},"product_brand":[],"product_cat":[77,78,76,16,21,79],"product_tag":[],"class_list":{"0":"post-21287","1":"product","2":"type-product","3":"status-publish","4":"has-post-thumbnail","6":"product_cat-beach","7":"product_cat-casual","8":"product_cat-party","9":"product_cat-sale","10":"product_cat-sukienki","11":"product_cat-wedding","13":"first","14":"instock","15":"shipping-taxable","16":"purchasable","17":"product-type-variable"},"jetpack_sharing_enabled":true,"_links":{"self":[{"href":"https:\/\/infairno.com\/en\/wp-json\/wp\/v2\/product\/21287","targetHints":{"allow":["GET"]}}],"collection":[{"href":"https:\/\/infairno.com\/en\/wp-json\/wp\/v2\/product"}],"about":[{"href":"https:\/\/infairno.com\/en\/wp-json\/wp\/v2\/types\/product"}],"wp:featuredmedia":[{"embeddable":true,"href":"https:\/\/infairno.com\/en\/wp-json\/wp\/v2\/media\/21293"}],"wp:attachment":[{"href":"https:\/\/infairno.com\/en\/wp-json\/wp\/v2\/media?parent=21287"}],"wp:term":[{"taxonomy":"product_brand","embeddable":true,"href":"https:\/\/infairno.com\/en\/wp-json\/wp\/v2\/product_brand?post=21287"},{"taxonomy":"product_cat","embeddable":true,"href":"https:\/\/infairno.com\/en\/wp-json\/wp\/v2\/product_cat?post=21287"},{"taxonomy":"product_tag","embeddable":true,"href":"https:\/\/infairno.com\/en\/wp-json\/wp\/v2\/product_tag?post=21287"}],"curies":[{"name":"wp","href":"https:\/\/api.w.org\/{rel}","templated":true}]}}