{"id":21244,"date":"2025-06-25T19:20:21","date_gmt":"2025-06-25T17:20:21","guid":{"rendered":"https:\/\/infairno.com\/?post_type=product&#038;p=21244"},"modified":"2026-03-15T17:52:18","modified_gmt":"2026-03-15T16:52:18","slug":"ren-top-noir","status":"publish","type":"product","link":"https:\/\/infairno.com\/en\/produkt\/ren-top-noir\/","title":{"rendered":"REN Top Noir"},"content":{"rendered":"<p><strong>Wymiary:<\/strong><\/p>\n<table style=\"height: 91px;\" width=\"253\">\n<tbody>\n<tr>\n<td>Rozmiar:<\/td>\n<td>S<\/td>\n<td>M<\/td>\n<td>L<\/td>\n<\/tr>\n<tr>\n<td>Szeroko\u015b\u0107 z przodu:<\/td>\n<td>14cm<\/td>\n<td>15cm<\/td>\n<td>17cm<\/td>\n<\/tr>\n<tr>\n<td>D\u0142ugo\u015b\u0107 ca\u0142kowita:<\/td>\n<td>164cm<\/td>\n<td>166cm<\/td>\n<td>168cm<\/td>\n<\/tr>\n<tr>\n<td>Szeroko\u015b\u0107 z ty\u0142u:<\/td>\n<td>6cm<\/td>\n<td>7cm<\/td>\n<td>8cm<\/td>\n<\/tr>\n<\/tbody>\n<\/table>\n<p>Ubrania mierzone s\u0105 na p\u0142asko i wymiary mog\u0105 si\u0119 r\u00f3\u017cni\u0107 +\/- 2cm.<\/p>\n<p>Nicole ma 172cm wzrostu i nosi rozmiar M.<\/p>\n<p><strong>Sk\u0142ad:<\/strong><br \/>\n93% wiskoza 7% elastan Oeko-Tex Standard 100<br \/>\nPochodzenie: EU<\/p>\n<p><strong>Kolor:<\/strong><br \/>\nczarny<\/p>\n","protected":false},"excerpt":{"rendered":"<p>Poznajcie nasz wakacyjny top &#8211; REN. Uszyty z nieziemsko przyjemnej wiskozy z dodatkiem elastanu jest idealny na letnie, gor\u0105ce, ca\u0142onocne imprezy. Jego wyj\u0105tkowy kr\u00f3j sprawia, \u017ce jest zawsze w centrum uwagi.<\/p>\n","protected":false},"featured_media":21250,"template":"","meta":{"_uf_show_specific_survey":0,"_uf_disable_surveys":false},"product_brand":[],"product_cat":[77,22,76,16],"product_tag":[],"class_list":{"0":"post-21244","1":"product","2":"type-product","3":"status-publish","4":"has-post-thumbnail","6":"product_cat-beach","7":"product_cat-koszulki","8":"product_cat-party","9":"product_cat-sale","11":"first","12":"instock","13":"shipping-taxable","14":"purchasable","15":"product-type-variable"},"jetpack_sharing_enabled":true,"_links":{"self":[{"href":"https:\/\/infairno.com\/en\/wp-json\/wp\/v2\/product\/21244","targetHints":{"allow":["GET"]}}],"collection":[{"href":"https:\/\/infairno.com\/en\/wp-json\/wp\/v2\/product"}],"about":[{"href":"https:\/\/infairno.com\/en\/wp-json\/wp\/v2\/types\/product"}],"wp:featuredmedia":[{"embeddable":true,"href":"https:\/\/infairno.com\/en\/wp-json\/wp\/v2\/media\/21250"}],"wp:attachment":[{"href":"https:\/\/infairno.com\/en\/wp-json\/wp\/v2\/media?parent=21244"}],"wp:term":[{"taxonomy":"product_brand","embeddable":true,"href":"https:\/\/infairno.com\/en\/wp-json\/wp\/v2\/product_brand?post=21244"},{"taxonomy":"product_cat","embeddable":true,"href":"https:\/\/infairno.com\/en\/wp-json\/wp\/v2\/product_cat?post=21244"},{"taxonomy":"product_tag","embeddable":true,"href":"https:\/\/infairno.com\/en\/wp-json\/wp\/v2\/product_tag?post=21244"}],"curies":[{"name":"wp","href":"https:\/\/api.w.org\/{rel}","templated":true}]}}