{"id":21222,"date":"2025-06-25T19:22:54","date_gmt":"2025-06-25T17:22:54","guid":{"rendered":"https:\/\/infairno.com\/?post_type=product&#038;p=21222"},"modified":"2026-04-09T12:50:39","modified_gmt":"2026-04-09T10:50:39","slug":"susie-dress-summer","status":"publish","type":"product","link":"https:\/\/infairno.com\/en\/produkt\/susie-dress-summer\/","title":{"rendered":"SUSIE Dress Summer"},"content":{"rendered":"<p><strong>Wymiary:<\/strong><\/p>\n<table>\n<tbody>\n<tr>\n<td>Rozmiar:<\/td>\n<td>S<\/td>\n<td>M<\/td>\n<td>S<\/td>\n<\/tr>\n<tr>\n<td>Szeroko\u015b\u0107 pod pachami:<\/td>\n<td>53cm<\/td>\n<td>54cm<\/td>\n<td>55cm<\/td>\n<\/tr>\n<tr>\n<td>D\u0142ugo\u015b\u0107 ca\u0142kowita:<\/td>\n<td>89cm<\/td>\n<td>90cm<\/td>\n<td>92cm<\/td>\n<\/tr>\n<tr>\n<td>D\u0142ugo\u015b\u0107 r\u0119kawa:<\/td>\n<td>75cm<\/td>\n<td>77cm<\/td>\n<td>78cm<\/td>\n<\/tr>\n<\/tbody>\n<\/table>\n<p>Ubrania mierzone s\u0105 na p\u0142asko i wymiary mog\u0105 si\u0119 r\u00f3\u017cni\u0107 +\/- 2cm.<\/p>\n<p>Nicole ma 172cm wzrostu i ma na sobie roz. M.<\/p>\n<p><strong>Sk\u0142ad:<br \/>\n<\/strong>100% wiskoza Oeko-Tex Standard 100<br \/>\nPochodzenie: EU<\/p>\n<p><strong>Kolor:<br \/>\n<\/strong>turkusowy<\/p>\n","protected":false},"excerpt":{"rendered":"<p>Seksowna, dzika i odwa\u017cna SUSIE to spe\u0142nienie naszych fantazji o stworzeniu produktu, kt\u00f3ry potrafi idealnie zdefiniowa\u0107 w\u0142a\u015bcicielk\u0119. Ta sukienka to propozycja dla dziewczyn, kt\u00f3re kochaj\u0105 mod\u0119, uwielbiaj\u0105 si\u0119 ni\u0105 bawi\u0107 i dok\u0142adnie wiedz\u0105 czego chc\u0105.<\/p>\n","protected":false},"featured_media":21240,"template":"","meta":{"_uf_show_specific_survey":0,"_uf_disable_surveys":false},"product_brand":[],"product_cat":[77,56,76,16,21,79],"product_tag":[],"class_list":{"0":"post-21222","1":"product","2":"type-product","3":"status-publish","4":"has-post-thumbnail","6":"product_cat-beach","7":"product_cat-bestseller","8":"product_cat-party","9":"product_cat-sale","10":"product_cat-sukienki","11":"product_cat-wedding","13":"first","14":"outofstock","15":"shipping-taxable","16":"purchasable","17":"product-type-variable"},"jetpack_sharing_enabled":true,"_links":{"self":[{"href":"https:\/\/infairno.com\/en\/wp-json\/wp\/v2\/product\/21222","targetHints":{"allow":["GET"]}}],"collection":[{"href":"https:\/\/infairno.com\/en\/wp-json\/wp\/v2\/product"}],"about":[{"href":"https:\/\/infairno.com\/en\/wp-json\/wp\/v2\/types\/product"}],"wp:featuredmedia":[{"embeddable":true,"href":"https:\/\/infairno.com\/en\/wp-json\/wp\/v2\/media\/21240"}],"wp:attachment":[{"href":"https:\/\/infairno.com\/en\/wp-json\/wp\/v2\/media?parent=21222"}],"wp:term":[{"taxonomy":"product_brand","embeddable":true,"href":"https:\/\/infairno.com\/en\/wp-json\/wp\/v2\/product_brand?post=21222"},{"taxonomy":"product_cat","embeddable":true,"href":"https:\/\/infairno.com\/en\/wp-json\/wp\/v2\/product_cat?post=21222"},{"taxonomy":"product_tag","embeddable":true,"href":"https:\/\/infairno.com\/en\/wp-json\/wp\/v2\/product_tag?post=21222"}],"curies":[{"name":"wp","href":"https:\/\/api.w.org\/{rel}","templated":true}]}}