{"id":21121,"date":"2025-06-25T21:54:17","date_gmt":"2025-06-25T19:54:17","guid":{"rendered":"https:\/\/infairno.com\/?post_type=product&#038;p=21121"},"modified":"2026-04-13T17:54:33","modified_gmt":"2026-04-13T15:54:33","slug":"cecile-dress","status":"publish","type":"product","link":"https:\/\/infairno.com\/en\/produkt\/cecile-dress\/","title":{"rendered":"CECILE Dress"},"content":{"rendered":"<p><strong>Wymiary:<\/strong><\/p>\n<table>\n<tbody>\n<tr>\n<td>Rozmiar:<\/td>\n<td>S<\/td>\n<td>M<\/td>\n<td>S<\/td>\n<\/tr>\n<tr>\n<td>Szeroko\u015b\u0107 pod pachami:<\/td>\n<td>42cm<\/td>\n<td>44cm<\/td>\n<td>45cm<\/td>\n<\/tr>\n<tr>\n<td>D\u0142ugo\u015b\u0107 ca\u0142kowita:<\/td>\n<td>147cm<\/td>\n<td>149cm<\/td>\n<td>151cm<\/td>\n<\/tr>\n<tr>\n<td>Szeroko\u015b\u0107 w biodrach:<\/td>\n<td>50cm<\/td>\n<td>52cm<\/td>\n<td>54cm<\/td>\n<\/tr>\n<\/tbody>\n<\/table>\n<p>Ubrania mierzone s\u0105 na p\u0142asko i wymiary mog\u0105 si\u0119 r\u00f3\u017cni\u0107 +\/- 2cm.<\/p>\n<p>Nicole ma 172 cm wzrostu i nosi roz. M.<\/p>\n<p><strong>Sk\u0142ad:<\/strong><br \/>\n100% wiskoza\u00a0 Oeko-Tex Standard 100<br \/>\nPochodzenie: EU<\/p>\n<p><strong>Kolor:<\/strong><br \/>\npistacjowy<\/p>\n<p>&nbsp;<\/p>\n","protected":false},"excerpt":{"rendered":"<p>CECILE Dress to propozycja dla dziewczyn, kt\u00f3re uwielbiaj\u0105 seksowne sukienki z nut\u0105 s\u0142odyczy. Delikatny materia\u0142 pi\u0119knie op\u0142ywa sylwetk\u0119, a d\u0142ugo\u015b\u0107 dodaje sukience szlachetno\u015bci. Obstawiamy bestseller!<\/p>\n","protected":false},"featured_media":21129,"template":"","meta":{"_uf_show_specific_survey":0,"_uf_disable_surveys":false},"product_brand":[],"product_cat":[77,76,16,21,79],"product_tag":[],"class_list":{"0":"post-21121","1":"product","2":"type-product","3":"status-publish","4":"has-post-thumbnail","6":"product_cat-beach","7":"product_cat-party","8":"product_cat-sale","9":"product_cat-sukienki","10":"product_cat-wedding","12":"first","13":"instock","14":"sale","15":"shipping-taxable","16":"purchasable","17":"product-type-variable"},"jetpack_sharing_enabled":true,"_links":{"self":[{"href":"https:\/\/infairno.com\/en\/wp-json\/wp\/v2\/product\/21121","targetHints":{"allow":["GET"]}}],"collection":[{"href":"https:\/\/infairno.com\/en\/wp-json\/wp\/v2\/product"}],"about":[{"href":"https:\/\/infairno.com\/en\/wp-json\/wp\/v2\/types\/product"}],"wp:featuredmedia":[{"embeddable":true,"href":"https:\/\/infairno.com\/en\/wp-json\/wp\/v2\/media\/21129"}],"wp:attachment":[{"href":"https:\/\/infairno.com\/en\/wp-json\/wp\/v2\/media?parent=21121"}],"wp:term":[{"taxonomy":"product_brand","embeddable":true,"href":"https:\/\/infairno.com\/en\/wp-json\/wp\/v2\/product_brand?post=21121"},{"taxonomy":"product_cat","embeddable":true,"href":"https:\/\/infairno.com\/en\/wp-json\/wp\/v2\/product_cat?post=21121"},{"taxonomy":"product_tag","embeddable":true,"href":"https:\/\/infairno.com\/en\/wp-json\/wp\/v2\/product_tag?post=21121"}],"curies":[{"name":"wp","href":"https:\/\/api.w.org\/{rel}","templated":true}]}}