{"id":21065,"date":"2025-06-25T21:44:11","date_gmt":"2025-06-25T19:44:11","guid":{"rendered":"https:\/\/infairno.com\/?post_type=product&#038;p=21065"},"modified":"2026-04-08T00:00:15","modified_gmt":"2026-04-07T22:00:15","slug":"emma-dress-sky","status":"publish","type":"product","link":"https:\/\/infairno.com\/en\/produkt\/emma-dress-sky\/","title":{"rendered":"EMMA Dress Sky"},"content":{"rendered":"<p><strong>Wymiary:<\/strong><\/p>\n<table>\n<tbody>\n<tr>\n<td contenteditable=\"true\">\n<div data-redactor-tag=\"tbr\">Size:<\/div>\n<\/td>\n<td contenteditable=\"true\">\n<div data-redactor-tag=\"tbr\">S\/M<\/div>\n<\/td>\n<td contenteditable=\"true\">\n<div data-redactor-tag=\"tbr\">M\/L<\/div>\n<\/td>\n<\/tr>\n<tr>\n<td contenteditable=\"true\">\n<div data-redactor-tag=\"tbr\">Szeroko\u015b\u0107 pod pachami:<\/div>\n<\/td>\n<td contenteditable=\"true\">47cm<\/td>\n<td contenteditable=\"true\">49cm<\/td>\n<\/tr>\n<tr>\n<td contenteditable=\"true\">\n<div data-redactor-tag=\"tbr\">D\u0142ugo\u015b\u0107 r\u0119kawa:<\/div>\n<\/td>\n<td contenteditable=\"true\">\n<div data-redactor-tag=\"tbr\">33cm<\/div>\n<\/td>\n<td contenteditable=\"true\">\n<div data-redactor-tag=\"tbr\">35cm<\/div>\n<\/td>\n<\/tr>\n<tr>\n<td contenteditable=\"true\">\n<div data-redactor-tag=\"tbr\">D\u0142ugo\u015b\u0107 ca\u0142kowita:<\/div>\n<\/td>\n<td contenteditable=\"true\">\n<div data-redactor-tag=\"tbr\">137cm<\/div>\n<\/td>\n<td contenteditable=\"true\">\n<div data-redactor-tag=\"tbr\">139cm<\/div>\n<\/td>\n<\/tr>\n<\/tbody>\n<\/table>\n<p>Ubrania mierzone s\u0105 na p\u0142asko i wymiary mog\u0105 si\u0119 r\u00f3\u017cni\u0107 +\/- 2cm.<\/p>\n<p>Nicole ma 172cm wzrostu i nosi roz. s\/m.<\/p>\n<p><strong>Sk\u0142ad:<\/strong><br \/>\n53% wiskoza\u00a0 47% lyocell Oeko-Tex Standard 100<br \/>\nPochodzenie: EU<\/p>\n<p><strong>Kolor<\/strong><br \/>\nb\u0142\u0119kitny<\/p>\n","protected":false},"excerpt":{"rendered":"<p>EMMA Dress to jeden z modeli, kt\u00f3ry zago\u015bci\u0142 na sta\u0142e w kolekcji inFAIRno. Tym razem przedstawiamy t\u0119 uniwersaln\u0105 sukienk\u0119 w kolorze liliowym. Emma przepi\u0119knie op\u0142ywa sylwetk\u0119, a jej motylkowe r\u0119kawy dodatkowo podkre\u015blaj\u0105 jej romantyczn\u0105 natur\u0119. Prosta forma sprawia, \u017ce \u0142atwo zmienisz charakter Emmy ulubionymi dodatkami ze swojej szafy. Niezale\u017cnie jednak od stylizacji zawsze b\u0119dziesz si\u0119 w niej czu\u0107 niezwykle kobieco i szykownie.<\/p>\n","protected":false},"featured_media":21074,"template":"","meta":{"_uf_show_specific_survey":0,"_uf_disable_surveys":false},"product_brand":[],"product_cat":[78,76,16,21,79],"product_tag":[],"class_list":{"0":"post-21065","1":"product","2":"type-product","3":"status-publish","4":"has-post-thumbnail","6":"product_cat-casual","7":"product_cat-party","8":"product_cat-sale","9":"product_cat-sukienki","10":"product_cat-wedding","12":"first","13":"outofstock","14":"shipping-taxable","15":"purchasable","16":"product-type-variable"},"jetpack_sharing_enabled":true,"_links":{"self":[{"href":"https:\/\/infairno.com\/en\/wp-json\/wp\/v2\/product\/21065","targetHints":{"allow":["GET"]}}],"collection":[{"href":"https:\/\/infairno.com\/en\/wp-json\/wp\/v2\/product"}],"about":[{"href":"https:\/\/infairno.com\/en\/wp-json\/wp\/v2\/types\/product"}],"wp:featuredmedia":[{"embeddable":true,"href":"https:\/\/infairno.com\/en\/wp-json\/wp\/v2\/media\/21074"}],"wp:attachment":[{"href":"https:\/\/infairno.com\/en\/wp-json\/wp\/v2\/media?parent=21065"}],"wp:term":[{"taxonomy":"product_brand","embeddable":true,"href":"https:\/\/infairno.com\/en\/wp-json\/wp\/v2\/product_brand?post=21065"},{"taxonomy":"product_cat","embeddable":true,"href":"https:\/\/infairno.com\/en\/wp-json\/wp\/v2\/product_cat?post=21065"},{"taxonomy":"product_tag","embeddable":true,"href":"https:\/\/infairno.com\/en\/wp-json\/wp\/v2\/product_tag?post=21065"}],"curies":[{"name":"wp","href":"https:\/\/api.w.org\/{rel}","templated":true}]}}