{"id":19945,"date":"2025-04-28T07:48:05","date_gmt":"2025-04-28T05:48:05","guid":{"rendered":"https:\/\/infairno.com\/?post_type=product&#038;p=19945"},"modified":"2026-04-10T10:24:05","modified_gmt":"2026-04-10T08:24:05","slug":"antonia-dress","status":"publish","type":"product","link":"https:\/\/infairno.com\/en\/produkt\/antonia-dress\/","title":{"rendered":"ANTONIA Dress"},"content":{"rendered":"<p><strong>Wymiary:<\/strong><\/p>\n<table>\n<tbody>\n<tr>\n<td>Rozmiar:<\/td>\n<td>S<\/td>\n<td>M<\/td>\n<td>L<\/td>\n<\/tr>\n<tr>\n<td>Szeroko\u015b\u0107 pod pachami:<\/td>\n<td>50cm<\/td>\n<td>52cm<\/td>\n<td>54cm<\/td>\n<\/tr>\n<tr>\n<td>D\u0142ugo\u015b\u0107 ca\u0142kowita:<\/td>\n<td>157cm<\/td>\n<td>158cm<\/td>\n<td>159cm<\/td>\n<\/tr>\n<tr>\n<td>D\u0142ugo\u015b\u0107 r\u0119kawa:<\/td>\n<td>22cm<\/td>\n<td>23cm<\/td>\n<td>25cm<\/td>\n<\/tr>\n<\/tbody>\n<\/table>\n<p>Ubrania mierzone s\u0105 na p\u0142asko i wymiary mog\u0105 si\u0119 r\u00f3\u017cni\u0107 +\/- 2cm.<\/p>\n<p>Valerya ma 162cm wzrostu i nosi rozmiar S.<\/p>\n<p><strong>Sk\u0142ad:<\/strong><br \/>\n100% wiskoza Oeko-Tex Standard 100<br \/>\nPochodzenie: EU<\/p>\n<p><strong>Kolor:<\/strong><br \/>\nczerwony<\/p>\n","protected":false},"excerpt":{"rendered":"<p>ANTONIA to najseksowniejsza z naszych propozycji. Pon\u0119tna, niesamowicie seksowna \u015bci\u0105gnie na siebie spojrzenia absolutnie wszystkich. Zmys\u0142owy, ognisty kolor i d\u0142ugie rozci\u0119cie na nog\u0119 to i\u015bcie zab\u00f3jcze combo &#8211; przekonaj si\u0119 sama.<\/p>\n","protected":false},"featured_media":19957,"template":"","meta":{"_uf_show_specific_survey":0,"_uf_disable_surveys":false},"product_brand":[],"product_cat":[77,76,16,21,79],"product_tag":[],"class_list":{"0":"post-19945","1":"product","2":"type-product","3":"status-publish","4":"has-post-thumbnail","6":"product_cat-beach","7":"product_cat-party","8":"product_cat-sale","9":"product_cat-sukienki","10":"product_cat-wedding","12":"first","13":"outofstock","14":"shipping-taxable","15":"purchasable","16":"product-type-variable"},"jetpack_sharing_enabled":true,"_links":{"self":[{"href":"https:\/\/infairno.com\/en\/wp-json\/wp\/v2\/product\/19945","targetHints":{"allow":["GET"]}}],"collection":[{"href":"https:\/\/infairno.com\/en\/wp-json\/wp\/v2\/product"}],"about":[{"href":"https:\/\/infairno.com\/en\/wp-json\/wp\/v2\/types\/product"}],"wp:featuredmedia":[{"embeddable":true,"href":"https:\/\/infairno.com\/en\/wp-json\/wp\/v2\/media\/19957"}],"wp:attachment":[{"href":"https:\/\/infairno.com\/en\/wp-json\/wp\/v2\/media?parent=19945"}],"wp:term":[{"taxonomy":"product_brand","embeddable":true,"href":"https:\/\/infairno.com\/en\/wp-json\/wp\/v2\/product_brand?post=19945"},{"taxonomy":"product_cat","embeddable":true,"href":"https:\/\/infairno.com\/en\/wp-json\/wp\/v2\/product_cat?post=19945"},{"taxonomy":"product_tag","embeddable":true,"href":"https:\/\/infairno.com\/en\/wp-json\/wp\/v2\/product_tag?post=19945"}],"curies":[{"name":"wp","href":"https:\/\/api.w.org\/{rel}","templated":true}]}}