{"id":16892,"date":"2025-01-02T20:06:26","date_gmt":"2025-01-02T19:06:26","guid":{"rendered":"https:\/\/infairno.com\/?post_type=product&#038;p=16892"},"modified":"2026-04-18T00:42:05","modified_gmt":"2026-04-17T22:42:05","slug":"nou-dress-cream","status":"publish","type":"product","link":"https:\/\/infairno.com\/en\/produkt\/nou-dress-cream\/","title":{"rendered":"NOU Dress Cream"},"content":{"rendered":"<p><strong>Wymiary:<\/strong><\/p>\n<table>\n<tbody>\n<tr>\n<td>\n<div data-redactor-tag=\"tbr\">Size:<\/div>\n<\/td>\n<td>\n<div data-redactor-tag=\"tbr\">S\/M<\/div>\n<\/td>\n<td>\n<div data-redactor-tag=\"tbr\">M\/L<\/div>\n<\/td>\n<\/tr>\n<tr>\n<td>\n<div data-redactor-tag=\"tbr\">Szeroko\u015b\u0107 pod pachami:<\/div>\n<\/td>\n<td>58cm<\/td>\n<td>62cm<\/td>\n<\/tr>\n<tr>\n<td>\n<div data-redactor-tag=\"tbr\">D\u0142ugo\u015b\u0107 r\u0119kawa:<\/div>\n<\/td>\n<td>\n<div data-redactor-tag=\"tbr\">66cm<\/div>\n<\/td>\n<td>\n<div data-redactor-tag=\"tbr\">70cm<\/div>\n<\/td>\n<\/tr>\n<tr>\n<td>\n<div data-redactor-tag=\"tbr\">D\u0142ugo\u015b\u0107 ca\u0142kowita:<\/div>\n<\/td>\n<td>\n<div data-redactor-tag=\"tbr\">155cm<\/div>\n<\/td>\n<td>\n<div data-redactor-tag=\"tbr\">160cm<\/div>\n<\/td>\n<\/tr>\n<\/tbody>\n<\/table>\n<p>Ubrania mierzone s\u0105 na p\u0142asko i wymiary mog\u0105 si\u0119 r\u00f3\u017cni\u0107 +\/- 2cm.<\/p>\n<p>Daria ma 178cm wzrostu i nosi roz. M\/L.<\/p>\n<p><strong>Sk\u0142ad:<\/strong><br \/>\n94% wiskoza 6% elastan Oeko-Tex Standard 100<br \/>\nPochodzenie: EU<\/p>\n","protected":false},"excerpt":{"rendered":"<p>NOU Dress to prosta, lu\u017ana sukienka z zadziornie przyd\u0142ugimi i bardzo szerokimi r\u0119kawami. Pasuje do absolutnie wszystkich dodatk\u00f3w, dzieki czemu mo\u017cna j\u0105 ubra\u0107 praktycznie na ka\u017cd\u0105 okazj\u0119. Sukienka NOU zosta\u0142a uszyta z niesamowicie przyjemnej w dotyku bawe\u0142ny z dodatkiem elastanu, dzi\u0119ki czemu jest wygodna i elastyczna.<\/p>\n","protected":false},"featured_media":16899,"template":"","meta":{"_uf_show_specific_survey":0,"_uf_disable_surveys":false},"product_brand":[],"product_cat":[56,16,21],"product_tag":[],"class_list":{"0":"post-16892","1":"product","2":"type-product","3":"status-publish","4":"has-post-thumbnail","6":"product_cat-bestseller","7":"product_cat-sale","8":"product_cat-sukienki","10":"first","11":"outofstock","12":"shipping-taxable","13":"purchasable","14":"product-type-variable"},"jetpack_sharing_enabled":true,"_links":{"self":[{"href":"https:\/\/infairno.com\/en\/wp-json\/wp\/v2\/product\/16892","targetHints":{"allow":["GET"]}}],"collection":[{"href":"https:\/\/infairno.com\/en\/wp-json\/wp\/v2\/product"}],"about":[{"href":"https:\/\/infairno.com\/en\/wp-json\/wp\/v2\/types\/product"}],"wp:featuredmedia":[{"embeddable":true,"href":"https:\/\/infairno.com\/en\/wp-json\/wp\/v2\/media\/16899"}],"wp:attachment":[{"href":"https:\/\/infairno.com\/en\/wp-json\/wp\/v2\/media?parent=16892"}],"wp:term":[{"taxonomy":"product_brand","embeddable":true,"href":"https:\/\/infairno.com\/en\/wp-json\/wp\/v2\/product_brand?post=16892"},{"taxonomy":"product_cat","embeddable":true,"href":"https:\/\/infairno.com\/en\/wp-json\/wp\/v2\/product_cat?post=16892"},{"taxonomy":"product_tag","embeddable":true,"href":"https:\/\/infairno.com\/en\/wp-json\/wp\/v2\/product_tag?post=16892"}],"curies":[{"name":"wp","href":"https:\/\/api.w.org\/{rel}","templated":true}]}}