{"id":11591,"date":"2024-07-18T08:57:18","date_gmt":"2024-07-18T06:57:18","guid":{"rendered":"https:\/\/infairno.com\/?post_type=product&#038;p=11591"},"modified":"2026-04-08T18:57:10","modified_gmt":"2026-04-08T16:57:10","slug":"figo-trousers-peach","status":"publish","type":"product","link":"https:\/\/infairno.com\/en\/produkt\/figo-trousers-peach\/","title":{"rendered":"FIGO Trousers Peach"},"content":{"rendered":"<p><strong>Wymiary:<\/strong><\/p>\n<table>\n<tbody>\n<tr>\n<td contenteditable=\"true\">\n<div data-redactor-tag=\"tbr\">Rozmiar:<\/div>\n<\/td>\n<td contenteditable=\"true\">\n<div data-redactor-tag=\"tbr\">S<\/div>\n<\/td>\n<td contenteditable=\"true\">\n<div data-redactor-tag=\"tbr\">M<\/div>\n<\/td>\n<td contenteditable=\"true\">\n<div data-redactor-tag=\"tbr\">L<\/div>\n<\/td>\n<\/tr>\n<tr>\n<td contenteditable=\"true\">\n<div data-redactor-tag=\"tbr\">Szeroko\u015b\u0107 w pasie:<\/div>\n<\/td>\n<td contenteditable=\"true\">\n<div data-redactor-tag=\"tbr\">43cm<\/div>\n<\/td>\n<td contenteditable=\"true\">\n<div data-redactor-tag=\"tbr\">45cm<\/div>\n<\/td>\n<td contenteditable=\"true\">\n<div data-redactor-tag=\"tbr\">47cm<\/div>\n<\/td>\n<\/tr>\n<tr>\n<td contenteditable=\"true\">D\u0142ugo\u015b\u0107 zew nogawki:<\/td>\n<td contenteditable=\"true\">\n<div data-redactor-tag=\"tbr\">90cm<\/div>\n<\/td>\n<td contenteditable=\"true\">\n<div data-redactor-tag=\"tbr\">94cm<\/div>\n<\/td>\n<td contenteditable=\"true\">\n<div data-redactor-tag=\"tbr\">96cm<\/div>\n<\/td>\n<\/tr>\n<tr>\n<td contenteditable=\"true\">\n<div data-redactor-tag=\"tbr\">Szeroko\u015b\u0107 w biodrach:<\/div>\n<\/td>\n<td contenteditable=\"true\">\n<div data-redactor-tag=\"tbr\">52cm<\/div>\n<\/td>\n<td contenteditable=\"true\">\n<div data-redactor-tag=\"tbr\">54cm<\/div>\n<\/td>\n<td contenteditable=\"true\">\n<div data-redactor-tag=\"tbr\">56cm<\/div>\n<\/td>\n<\/tr>\n<\/tbody>\n<\/table>\n<p>Ubrania mierzone s\u0105 na p\u0142asko i wymiary mog\u0105 si\u0119 r\u00f3\u017cni\u0107 +\/- 2cm.<\/p>\n<p>Ania ma 174cm wzrostu i nosi roz. M.<\/p>\n<p><strong>Sk\u0142ad:<\/strong><br \/>\n100% bawe\u0142na Oeko-Tex Standard 100<br \/>\nPochodzenie: EU<\/p>\n<p>&nbsp;<\/p>\n","protected":false},"excerpt":{"rendered":"<p>Spodnie, na kt\u00f3re czeka\u0142y milion dziewczyn na ca\u0142ym \u015bwiecie ju\u017c s\u0105! Pi\u0119kne, lu\u017ane FIGO to propozycja dla odwa\u017cnych dziewczyn, kt\u00f3re lubi\u0105 luz z nutk\u0105 prowokacji.<\/p>\n","protected":false},"featured_media":11595,"template":"","meta":{"_uf_show_specific_survey":0,"_uf_disable_surveys":false},"product_brand":[],"product_cat":[16,19],"product_tag":[],"class_list":{"0":"post-11591","1":"product","2":"type-product","3":"status-publish","4":"has-post-thumbnail","6":"product_cat-sale","7":"product_cat-spodnie","9":"first","10":"outofstock","11":"sale","12":"shipping-taxable","13":"purchasable","14":"product-type-variable"},"jetpack_sharing_enabled":true,"_links":{"self":[{"href":"https:\/\/infairno.com\/en\/wp-json\/wp\/v2\/product\/11591","targetHints":{"allow":["GET"]}}],"collection":[{"href":"https:\/\/infairno.com\/en\/wp-json\/wp\/v2\/product"}],"about":[{"href":"https:\/\/infairno.com\/en\/wp-json\/wp\/v2\/types\/product"}],"wp:featuredmedia":[{"embeddable":true,"href":"https:\/\/infairno.com\/en\/wp-json\/wp\/v2\/media\/11595"}],"wp:attachment":[{"href":"https:\/\/infairno.com\/en\/wp-json\/wp\/v2\/media?parent=11591"}],"wp:term":[{"taxonomy":"product_brand","embeddable":true,"href":"https:\/\/infairno.com\/en\/wp-json\/wp\/v2\/product_brand?post=11591"},{"taxonomy":"product_cat","embeddable":true,"href":"https:\/\/infairno.com\/en\/wp-json\/wp\/v2\/product_cat?post=11591"},{"taxonomy":"product_tag","embeddable":true,"href":"https:\/\/infairno.com\/en\/wp-json\/wp\/v2\/product_tag?post=11591"}],"curies":[{"name":"wp","href":"https:\/\/api.w.org\/{rel}","templated":true}]}}