{"id":9883,"date":"2023-07-03T16:29:05","date_gmt":"2023-07-03T14:29:05","guid":{"rendered":"https:\/\/infairno.com\/?page_id=9883"},"modified":"2025-04-13T17:24:29","modified_gmt":"2025-04-13T15:24:29","slug":"our-world","status":"publish","type":"page","link":"https:\/\/infairno.com\/en\/our-world\/","title":{"rendered":"Our World"},"content":{"rendered":"<section class=\"l-section wpb_row height_large\"><div class=\"l-section-h i-cf\"><div class=\"g-cols vc_row via_grid cols_1 laptops-cols_inherit tablets-cols_inherit mobiles-cols_1 valign_top type_default stacking_default\"><div class=\"wpb_column vc_column_container\"><div class=\"vc_column-inner\"><h1 class=\"w-post-elm post_title entry-title color_link_inherit\">Our World<\/h1><div class=\"w-separator size_small\"><\/div><div class=\"w-grid type_grid layout_4331 cols_3\" id=\"us_grid_1\" style=\"--columns:3;--gap:0.5rem;\" data-filterable=\"true\"><style>@media (max-width:1024px){#us_grid_1{--columns:2!important}}@media (max-width:768px){#us_grid_1{--columns:2!important}}.layout_4331 .w-grid-item-h{}.layout_4331 .usg_post_title_1{padding:1rem!important}<\/style><div class=\"w-grid-list\">\t<article class=\"w-grid-item size_1x1 post-25151 product type-product status-publish has-post-thumbnail product_cat-bestseller product_cat-casual product_cat-new-in product_cat-sale product_cat-spodnie first instock shipping-taxable purchasable product-type-variable\" data-id=\"25151\">\r\n\t\t<div class=\"w-grid-item-h\">\r\n\t\t\t\t\t\t<div class=\"w-post-elm post_image usg_post_image_1 has_ratio\"><a href=\"https:\/\/infairno.com\/en\/produkt\/karly-trousers-noir\/\" aria-label=\"KARLY Trousers Noir\"><img loading=\"lazy\" decoding=\"async\" width=\"683\" height=\"1024\" src=\"https:\/\/infairno.com\/wp-content\/uploads\/2025\/11\/IMG_7145_VSCO-683x1024.jpeg\" class=\"attachment-large size-large wp-post-image\" alt=\"\" \/><\/a><div style=\"padding-bottom:150%\"><\/div><\/div><h4 class=\"w-post-elm post_title usg_post_title_1 align_center woocommerce-loop-product__title color_link_inherit\"><a href=\"https:\/\/infairno.com\/en\/produkt\/karly-trousers-noir\/\">KARLY Trousers Noir<\/a><\/h4>\t\t<\/div>\r\n\t\t\t<\/article>\r\n\t<article class=\"w-grid-item size_1x1 post-25085 product type-product status-publish has-post-thumbnail product_cat-beach product_cat-casual product_cat-new-in product_cat-party product_cat-sukienki product_cat-wedding  outofstock shipping-taxable purchasable product-type-variable\" data-id=\"25085\">\r\n\t\t<div class=\"w-grid-item-h\">\r\n\t\t\t\t\t\t<div class=\"w-post-elm post_image usg_post_image_1 has_ratio\"><a href=\"https:\/\/infairno.com\/en\/produkt\/julia-dress-noir\/\" aria-label=\"JULIA Dress Noir\"><img loading=\"lazy\" decoding=\"async\" width=\"683\" height=\"1024\" src=\"https:\/\/infairno.com\/wp-content\/uploads\/2025\/11\/IMG_4993_VSCO-683x1024.jpeg\" class=\"attachment-large size-large wp-post-image\" alt=\"\" \/><\/a><div style=\"padding-bottom:150%\"><\/div><\/div><h4 class=\"w-post-elm post_title usg_post_title_1 align_center woocommerce-loop-product__title color_link_inherit\"><a href=\"https:\/\/infairno.com\/en\/produkt\/julia-dress-noir\/\">JULIA Dress Noir<\/a><\/h4>\t\t<\/div>\r\n\t\t\t<\/article>\r\n\t<article class=\"w-grid-item size_1x1 post-25065 product type-product status-publish has-post-thumbnail product_cat-beach product_cat-new-in product_cat-party product_cat-sukienki product_cat-wedding last outofstock shipping-taxable purchasable product-type-variable\" data-id=\"25065\">\r\n\t\t<div class=\"w-grid-item-h\">\r\n\t\t\t\t\t\t<div class=\"w-post-elm post_image usg_post_image_1 has_ratio\"><a href=\"https:\/\/infairno.com\/en\/produkt\/aurora-dress-night\/\" aria-label=\"AURORA Dress Night\"><img loading=\"lazy\" decoding=\"async\" width=\"683\" height=\"1024\" src=\"https:\/\/infairno.com\/wp-content\/uploads\/2025\/11\/IMG_6962_VSCO-683x1024.jpeg\" class=\"attachment-large size-large wp-post-image\" alt=\"\" \/><\/a><div style=\"padding-bottom:150%\"><\/div><\/div><h4 class=\"w-post-elm post_title usg_post_title_1 align_center woocommerce-loop-product__title color_link_inherit\"><a href=\"https:\/\/infairno.com\/en\/produkt\/aurora-dress-night\/\">AURORA Dress Night<\/a><\/h4>\t\t<\/div>\r\n\t\t\t<\/article>\r\n\t<article class=\"w-grid-item size_1x1 post-25049 product type-product status-publish has-post-thumbnail product_cat-bestseller product_cat-casual product_cat-new-in product_cat-sukienki first outofstock shipping-taxable purchasable product-type-variable\" data-id=\"25049\">\r\n\t\t<div class=\"w-grid-item-h\">\r\n\t\t\t\t\t\t<div class=\"w-post-elm post_image usg_post_image_1 has_ratio\"><a href=\"https:\/\/infairno.com\/en\/produkt\/ama-hoodie-cream\/\" aria-label=\"AMA Hoodie Cream\"><img loading=\"lazy\" decoding=\"async\" width=\"683\" height=\"1024\" src=\"https:\/\/infairno.com\/wp-content\/uploads\/2025\/11\/IMG_4965_VSCO-683x1024.jpeg\" class=\"attachment-large size-large wp-post-image\" alt=\"\" \/><\/a><div style=\"padding-bottom:150%\"><\/div><\/div><h4 class=\"w-post-elm post_title usg_post_title_1 align_center woocommerce-loop-product__title color_link_inherit\"><a href=\"https:\/\/infairno.com\/en\/produkt\/ama-hoodie-cream\/\">AMA Hoodie Cream<\/a><\/h4>\t\t<\/div>\r\n\t\t\t<\/article>\r\n\t<article class=\"w-grid-item size_1x1 post-25003 product type-product status-publish has-post-thumbnail product_cat-bestseller product_cat-casual product_cat-new-in product_cat-spodnie  instock shipping-taxable purchasable product-type-variable\" data-id=\"25003\">\r\n\t\t<div class=\"w-grid-item-h\">\r\n\t\t\t\t\t\t<div class=\"w-post-elm post_image usg_post_image_1 has_ratio\"><a href=\"https:\/\/infairno.com\/en\/produkt\/yuki-trousers-noir\/\" aria-label=\"YUKI Trousers Noir\"><img loading=\"lazy\" decoding=\"async\" width=\"683\" height=\"1024\" src=\"https:\/\/infairno.com\/wp-content\/uploads\/2025\/11\/IMG_6827_VSCO-683x1024.jpeg\" class=\"attachment-large size-large wp-post-image\" alt=\"\" \/><\/a><div style=\"padding-bottom:150%\"><\/div><\/div><h4 class=\"w-post-elm post_title usg_post_title_1 align_center woocommerce-loop-product__title color_link_inherit\"><a href=\"https:\/\/infairno.com\/en\/produkt\/yuki-trousers-noir\/\">YUKI Trousers Noir<\/a><\/h4>\t\t<\/div>\r\n\t\t\t<\/article>\r\n\t<article class=\"w-grid-item size_1x1 post-24970 product type-product status-publish has-post-thumbnail product_cat-bestseller product_cat-koszule product_cat-new-in last outofstock shipping-taxable purchasable product-type-variable\" data-id=\"24970\">\r\n\t\t<div class=\"w-grid-item-h\">\r\n\t\t\t\t\t\t<div class=\"w-post-elm post_image usg_post_image_1 has_ratio\"><a href=\"https:\/\/infairno.com\/en\/produkt\/bella-shirt-sky-stripes\/\" aria-label=\"BELLA Shirt Sky Stripes\"><img loading=\"lazy\" decoding=\"async\" width=\"683\" height=\"1024\" src=\"https:\/\/infairno.com\/wp-content\/uploads\/2025\/11\/IMG_6815_VSCO-683x1024.jpeg\" class=\"attachment-large size-large wp-post-image\" alt=\"\" \/><\/a><div style=\"padding-bottom:150%\"><\/div><\/div><h4 class=\"w-post-elm post_title usg_post_title_1 align_center woocommerce-loop-product__title color_link_inherit\"><a href=\"https:\/\/infairno.com\/en\/produkt\/bella-shirt-sky-stripes\/\">BELLA Shirt Sky Stripes<\/a><\/h4>\t\t<\/div>\r\n\t\t\t<\/article>\r\n\t<article class=\"w-grid-item size_1x1 post-25129 product type-product status-publish has-post-thumbnail product_cat-casual product_cat-koszule product_cat-new-in product_cat-party first instock shipping-taxable purchasable product-type-variable\" data-id=\"25129\">\r\n\t\t<div class=\"w-grid-item-h\">\r\n\t\t\t\t\t\t<div class=\"w-post-elm post_image usg_post_image_1 has_ratio\"><a href=\"https:\/\/infairno.com\/en\/produkt\/seimour-shirt-red\/\" aria-label=\"SEIMOUR Shirt Red\"><img loading=\"lazy\" decoding=\"async\" width=\"683\" height=\"1024\" src=\"https:\/\/infairno.com\/wp-content\/uploads\/2025\/11\/IMG_7114_VSCO-683x1024.jpeg\" class=\"attachment-large size-large wp-post-image\" alt=\"\" \/><\/a><div style=\"padding-bottom:150%\"><\/div><\/div><h4 class=\"w-post-elm post_title usg_post_title_1 align_center woocommerce-loop-product__title color_link_inherit\"><a href=\"https:\/\/infairno.com\/en\/produkt\/seimour-shirt-red\/\">SEIMOUR Shirt Red<\/a><\/h4>\t\t<\/div>\r\n\t\t\t<\/article>\r\n\t<article class=\"w-grid-item size_1x1 post-24606 product type-product status-publish has-post-thumbnail product_cat-bestseller product_cat-casual product_cat-party product_cat-spodnice  instock shipping-taxable purchasable product-type-variable\" data-id=\"24606\">\r\n\t\t<div class=\"w-grid-item-h\">\r\n\t\t\t\t\t\t<div class=\"w-post-elm post_image usg_post_image_1 has_ratio\"><a href=\"https:\/\/infairno.com\/en\/produkt\/joanne-skirt-night\/\" aria-label=\"JOANNE Skirt Night\"><img loading=\"lazy\" decoding=\"async\" width=\"683\" height=\"1024\" src=\"https:\/\/infairno.com\/wp-content\/uploads\/2025\/10\/IMG_7414_VSCO-1-683x1024.jpeg\" class=\"attachment-large size-large wp-post-image\" alt=\"\" \/><\/a><div style=\"padding-bottom:150%\"><\/div><\/div><h4 class=\"w-post-elm post_title usg_post_title_1 align_center woocommerce-loop-product__title color_link_inherit\"><a href=\"https:\/\/infairno.com\/en\/produkt\/joanne-skirt-night\/\">JOANNE Skirt Night<\/a><\/h4>\t\t<\/div>\r\n\t\t\t<\/article>\r\n<\/div><div class=\"w-grid-preloader\">\t<div class=\"g-preloader type_1\">\r\n\t\t<div><\/div>\r\n\t<\/div>\r\n\t<\/div>\t<div class=\"w-grid-json hidden\" onclick='return {&quot;action&quot;:&quot;us_ajax_grid&quot;,&quot;infinite_scroll&quot;:0,&quot;max_num_pages&quot;:8,&quot;pagination&quot;:&quot;none&quot;,&quot;template_vars&quot;:{&quot;columns&quot;:&quot;3&quot;,&quot;exclude_items&quot;:&quot;none&quot;,&quot;img_size&quot;:&quot;default&quot;,&quot;ignore_items_size&quot;:0,&quot;items_layout&quot;:&quot;4331&quot;,&quot;items_offset&quot;:&quot;1&quot;,&quot;load_animation&quot;:&quot;none&quot;,&quot;overriding_link&quot;:&quot;%7B%22url%22%3A%22%22%7D&quot;,&quot;post_id&quot;:0,&quot;query_args&quot;:{&quot;post_parent&quot;:0,&quot;post_type&quot;:&quot;any&quot;,&quot;ignore_sticky_posts&quot;:1,&quot;posts_per_page&quot;:&quot;8&quot;},&quot;orderby_query_args&quot;:{&quot;orderby&quot;:{&quot;date&quot;:&quot;DESC&quot;}},&quot;type&quot;:&quot;grid&quot;,&quot;us_grid_post_type&quot;:&quot;current_child_pages&quot;,&quot;us_grid_ajax_index&quot;:1,&quot;us_grid_filter_query_string&quot;:null,&quot;us_grid_index&quot;:1,&quot;page_args&quot;:[],&quot;lang&quot;:&quot;en&quot;}}'><\/div>\r\n\t<\/div><\/div><\/div><\/div><\/div><\/section>\n","protected":false},"excerpt":{"rendered":"Wymiary: Rozmiar: S M L Szeroko\u015b\u0107 w pasie: 74cm 78cm 82cm Szeroko\u015b\u0107 w biodrach: 96cm 100cm 104cm D\u0142ugo\u015b\u0107 ca\u0142kowita: 90cm 92cm 94cm Ubrania mierzone s\u0105 na p\u0142asko i wymiary mog\u0105 si\u0119 r\u00f3\u017cni\u0107 +\/- 2cm. Sk\u0142ad: 100% tencel Oeko-Tex Standard 100 Pochodzenie: EU Kolor: czarny &nbsp;","protected":false},"author":10,"featured_media":0,"parent":0,"menu_order":0,"comment_status":"closed","ping_status":"closed","template":"","meta":{"_uf_show_specific_survey":0,"_uf_disable_surveys":false,"footnotes":""},"class_list":["post-9883","page","type-page","status-publish","hentry"],"jetpack_sharing_enabled":true,"_links":{"self":[{"href":"https:\/\/infairno.com\/en\/wp-json\/wp\/v2\/pages\/9883","targetHints":{"allow":["GET"]}}],"collection":[{"href":"https:\/\/infairno.com\/en\/wp-json\/wp\/v2\/pages"}],"about":[{"href":"https:\/\/infairno.com\/en\/wp-json\/wp\/v2\/types\/page"}],"author":[{"embeddable":true,"href":"https:\/\/infairno.com\/en\/wp-json\/wp\/v2\/users\/10"}],"replies":[{"embeddable":true,"href":"https:\/\/infairno.com\/en\/wp-json\/wp\/v2\/comments?post=9883"}],"version-history":[{"count":3,"href":"https:\/\/infairno.com\/en\/wp-json\/wp\/v2\/pages\/9883\/revisions"}],"predecessor-version":[{"id":19396,"href":"https:\/\/infairno.com\/en\/wp-json\/wp\/v2\/pages\/9883\/revisions\/19396"}],"wp:attachment":[{"href":"https:\/\/infairno.com\/en\/wp-json\/wp\/v2\/media?parent=9883"}],"curies":[{"name":"wp","href":"https:\/\/api.w.org\/{rel}","templated":true}]}}