{"id":19277,"date":"2023-06-29T12:25:16","date_gmt":"2023-06-29T10:25:16","guid":{"rendered":"https:\/\/infairno.com\/returns-complaints\/"},"modified":"2025-04-13T14:43:37","modified_gmt":"2025-04-13T12:43:37","slug":"returns-complaints","status":"publish","type":"page","link":"https:\/\/infairno.com\/en\/returns-complaints\/","title":{"rendered":"Returns &amp; Complaints"},"content":{"rendered":"<section class=\"l-section wpb_row us_custom_821019ce height_large width_custom\" style=\"--site-content-width:900px;\"><div class=\"l-section-h i-cf\"><div class=\"g-cols vc_row via_grid cols_1 laptops-cols_inherit tablets-cols_inherit mobiles-cols_1 valign_top type_default stacking_default\"><div class=\"wpb_column vc_column_container\"><div class=\"vc_column-inner\"><div class=\"wpb_text_column\"><div class=\"wpb_wrapper\"><h1>Zwrot<\/h1>\n<\/div><\/div><div class=\"w-separator size_small\"><\/div><div class=\"wpb_text_column\"><div class=\"wpb_wrapper\"><p>Masz 14 dni na dokonanie zwrotu. Produkt, kt\u00f3ry chcesz zwr\u00f3ci\u0107 nale\u017cy odes\u0142a\u0107 w nienaruszonym stanie wraz z <a href=\"https:\/\/infairno.com\/wp-content\/uploads\/2023\/11\/ZWROT-inFAIRno.pdf\">formularzem zwrotu<\/a>.<\/p>\n<p>Pami\u0119taj, \u017ce nie przyjmujemy przesy\u0142ek za pobraniem, a zwrotu dokonujesz na w\u0142asny koszt. Koszt ten nie podlega zwrotowi.<\/p>\n<p>Przesy\u0142k\u0119 nale\u017cy wys\u0142a\u0107 na adres:<\/p>\n<p>inFAIRno<br \/>\nul. D\u0119bowa 1<br \/>\n76-003 Sucha Koszali\u0144ska<br \/>\ntel: 516 532 366<\/p>\n<\/div><\/div><\/div><\/div><\/div><\/div><\/section><section class=\"l-section wpb_row us_custom_97279636 height_large width_custom\" style=\"--site-content-width:900px;\"><div class=\"l-section-h i-cf\"><div class=\"g-cols vc_row via_grid cols_1 laptops-cols_inherit tablets-cols_inherit mobiles-cols_1 valign_top type_default stacking_default\"><div class=\"wpb_column vc_column_container\"><div class=\"vc_column-inner\"><div class=\"wpb_text_column\"><div class=\"wpb_wrapper\"><h1>Reklamacja<\/h1>\n<\/div><\/div><div class=\"w-separator size_small\"><\/div><div class=\"wpb_text_column\"><div class=\"wpb_wrapper\"><p>Je\u017celi produkt, kt\u00f3ry zam\u00f3wi\u0142a\u015b posiada wad\u0119, jak najbardziej mo\u017cesz go zareklamowa\u0107. Uzupe\u0142nij <a href=\"https:\/\/infairno.com\/wp-content\/uploads\/2023\/11\/REKLAMACJE-inFAIRno.pdf\">formularz reklamacyjny<\/a>, kt\u00f3ry b\u0119dzie zawiera\u0142 numer zam\u00f3wienia, imi\u0119 i nazwisko zamawiaj\u0105cego, oraz szczeg\u00f3\u0142owy opis wady\/uszkodzenia.<\/p>\n<p>Koszt przesy\u0142ki zwrotnej jest po stronie klienta.<\/p>\n<p>Reklamacje s\u0105 rozpatrywane w ci\u0105gu 14 dni od otrzymania przez nas paczki. Decyzje wysy\u0142amy na podany w formularzu adres mailowy. Je\u015bli chcesz uzyska\u0107 wi\u0119cej informacji, napisz do nas wiadomo\u015b\u0107 na adres: <a href=\"mailto:contact@infairno.com\" target=\"_blank\" rel=\"noopener noreferrer\">contact@infairno.com<\/a><\/p>\n<\/div><\/div><\/div><\/div><\/div><\/div><\/section>\n","protected":false},"excerpt":{"rendered":"Zwrot Masz 14 dni na dokonanie zwrotu. Produkt, kt\u00f3ry chcesz zwr\u00f3ci\u0107 nale\u017cy odes\u0142a\u0107 w nienaruszonym stanie wraz z formularzem zwrotu. Pami\u0119taj, \u017ce nie przyjmujemy przesy\u0142ek za pobraniem, a zwrotu dokonujesz na w\u0142asny koszt. Koszt ten nie podlega zwrotowi. Przesy\u0142k\u0119 nale\u017cy wys\u0142a\u0107 na adres: inFAIRno ul. D\u0119bowa 1 76-003 Sucha Koszali\u0144ska tel: 516 532 366 Reklamacja...","protected":false},"author":10,"featured_media":0,"parent":0,"menu_order":0,"comment_status":"closed","ping_status":"closed","template":"","meta":{"_uf_show_specific_survey":0,"_uf_disable_surveys":false,"footnotes":""},"class_list":["post-19277","page","type-page","status-publish","hentry"],"jetpack_sharing_enabled":true,"_links":{"self":[{"href":"https:\/\/infairno.com\/en\/wp-json\/wp\/v2\/pages\/19277","targetHints":{"allow":["GET"]}}],"collection":[{"href":"https:\/\/infairno.com\/en\/wp-json\/wp\/v2\/pages"}],"about":[{"href":"https:\/\/infairno.com\/en\/wp-json\/wp\/v2\/types\/page"}],"author":[{"embeddable":true,"href":"https:\/\/infairno.com\/en\/wp-json\/wp\/v2\/users\/10"}],"replies":[{"embeddable":true,"href":"https:\/\/infairno.com\/en\/wp-json\/wp\/v2\/comments?post=19277"}],"version-history":[{"count":2,"href":"https:\/\/infairno.com\/en\/wp-json\/wp\/v2\/pages\/19277\/revisions"}],"predecessor-version":[{"id":19279,"href":"https:\/\/infairno.com\/en\/wp-json\/wp\/v2\/pages\/19277\/revisions\/19279"}],"wp:attachment":[{"href":"https:\/\/infairno.com\/en\/wp-json\/wp\/v2\/media?parent=19277"}],"curies":[{"name":"wp","href":"https:\/\/api.w.org\/{rel}","templated":true}]}}