{"id":19274,"date":"2023-06-29T12:24:06","date_gmt":"2023-06-29T10:24:06","guid":{"rendered":"https:\/\/infairno.com\/shop-regulations\/"},"modified":"2025-04-13T14:42:53","modified_gmt":"2025-04-13T12:42:53","slug":"shop-regulations","status":"publish","type":"page","link":"https:\/\/infairno.com\/en\/shop-regulations\/","title":{"rendered":"Shop Regulations"},"content":{"rendered":"<section class=\"l-section wpb_row us_custom_821019ce height_large width_custom\" style=\"--site-content-width:900px;\"><div class=\"l-section-h i-cf\"><div class=\"g-cols vc_row via_grid cols_1 laptops-cols_inherit tablets-cols_inherit mobiles-cols_1 valign_top type_default stacking_default\"><div class=\"wpb_column vc_column_container\"><div class=\"vc_column-inner\"><h1 class=\"w-post-elm post_title entry-title color_link_inherit\">Shop Regulations<\/h1><div class=\"w-separator size_small\"><\/div><div class=\"wpb_text_column\"><div class=\"wpb_wrapper\"><p>Dzie\u0144 dobry!<\/p>\n<p>Poni\u017cej znajdziesz regulamin sklepu internetowego inFAIRno, w kt\u00f3rym zawarte zosta\u0142y informacje m.in. o sposobie z\u0142o\u017cenia zam\u00f3wienia i zawarcia umowy sprzeda\u017cy, formach dostawy i p\u0142atno\u015bci dost\u0119pnych w sklepie, procedurze odst\u0105pienia od umowy, czy post\u0119powaniu reklamacyjnym. <\/p>\n<p>Sklep nale\u017cy do INF Team, ul. D\u0119bowa 1, 76-003 Sucha Koszali\u0144ska, NIP: 669-238-22-44, REGON: 364428285 <\/p>\n<p>W ka\u017cdej chwili mo\u017cesz skontaktowa\u0107 si\u0119 z nami, wysy\u0142aj\u0105c wiadomo\u015b\u0107 na adres e-mail hello@infairno.com.<\/p>\n<p>Pozdrawiamy i \u017cyczymy udanych zakup\u00f3w,<\/p>\n<p>Zesp\u00f3\u0142 inFAIRno<\/p>\n<p>&nbsp;<\/p>\n<ol>\n<li>Definicje<\/li>\n<\/ol>\n<p>Na potrzeby niniejszego regulaminu, przyjmuje si\u0119 nast\u0119puj\u0105ce znaczenie poni\u017cszych poj\u0119\u0107:<\/p>\n<ol>\n<li>Kupuj\u0105cy \u2013 osoba fizyczna, osoba prawna lub u\u0142omna osoba prawna,<\/li>\n<li>Konsument \u2013 osoba fizyczna, zawieraj\u0105ca ze Sprzedawc\u0105 umow\u0119 sprzeda\u017cy niezwi\u0105zan\u0105 z bezpo\u015brednio z jej dzia\u0142alno\u015bci\u0105 gospodarcz\u0105 lub zawodow\u0105,<\/li>\n<li>Regulamin \u2013 niniejszy regulamin, dost\u0119pny pod adresem <a href=\"https:\/\/infairno.com\/strona\/regulamin\">? sklep internetowy nale\u017c\u0105cy do Sprzedawcy <\/a><\/li>\n<li>Sprzedawca \u2013 INF Team, ul. D\u0119bowa 1, 76-003 Sucha Koszali\u0144ska, NIP: 669-238-22-44, REGON: 3644282852. <\/li>\n<\/ol>\n<p>Postanowienia wst\u0119pne<\/p>\n<ol>\n<li>Za po\u015brednictwem Sklepu, Sprzedawca prowadzi sprzeda\u017c detaliczn\u0105, \u015bwiadcz\u0105c jednocze\u015bnie na rzecz Kupuj\u0105cych us\u0142ugi drog\u0105 elektroniczn\u0105. Za po\u015brednictwem Sklepu, Kupuj\u0105cy mo\u017ce dokona\u0107 zakupu produkt\u00f3w uwidocznionych na stronach Sklepu. <\/li>\n<li>Regulamin okre\u015bla zasady i warunki korzystania ze Sklepu, a tak\u017ce prawa i obowi\u0105zki Sprzedawcy i Kupuj\u0105cych.<\/li>\n<li>Do korzystania ze Sklepu, w tym w szczeg\u00f3lno\u015bci do dokonania zakupu w Sklepie, nie jest konieczne spe\u0142nienie szczeg\u00f3lnych warunk\u00f3w technicznych przez komputer lub inne urz\u0105dzenie Kupuj\u0105cego. Wystarczaj\u0105ce s\u0105:\n<ol>\n<li>dost\u0119p do Internetu,<\/li>\n<li>standardowy system operacyjny,<\/li>\n<li>standardowa przegl\u0105darka internetowa,<\/li>\n<li>posiadanie aktywnego adresu e-mail.<\/li>\n<\/ol>\n<\/li>\n<li>Kupuj\u0105cy nie mo\u017ce dokona\u0107 zakupu w Sklepie anonimowo ani pod pseudonimem.<\/li>\n<li>Zakazane jest podczas korzystania ze Sklepu dostarczanie tre\u015bci o charakterze bezprawnym, w szczeg\u00f3lno\u015bci poprzez przesy\u0142anie takich tre\u015bci za po\u015brednictwem formularzy dost\u0119pnych w Sklepie.<\/li>\n<li>Wszystkie ceny produkt\u00f3w podane na stronach Sklepu s\u0105 cenami brutto.<\/li>\n<\/ol>\n<ol start=\"3\">\n<li>Us\u0142ugi \u015bwiadczone drog\u0105 elektroniczn\u0105<\/li>\n<\/ol>\n<ol>\n<li>Za po\u015brednictwem Sklepu, Sprzedawca \u015bwiadczy na rzecz Kupuj\u0105cego us\u0142ugi drog\u0105 elektroniczn\u0105.<\/li>\n<li>Podstawow\u0105 us\u0142ug\u0105 \u015bwiadczon\u0105 drog\u0105 elektroniczn\u0105 na rzecz Kupuj\u0105cego przez Sprzedawc\u0119 jest umo\u017cliwienie Kupuj\u0105cemu z\u0142o\u017cenia zam\u00f3wienia w Sklepie. Z\u0142o\u017cenie zam\u00f3wienia mo\u017cliwe jest bez konieczno\u015bci za\u0142o\u017cenia konta w Sklepie. <\/li>\n<li>Je\u017celi Kupuj\u0105cy zdecyduje si\u0119 za\u0142o\u017cy\u0107 konto w Sklepie, Sprzedawca \u015bwiadczy na rzecz Kupuj\u0105cego r\u00f3wnie\u017c us\u0142ug\u0119 drog\u0105 elektroniczn\u0105 polegaj\u0105c\u0105 na za\u0142o\u017ceniu i utrzymywaniu konta w Sklepie. W koncie przechowywane s\u0105 dane Kupuj\u0105cego oraz historia z\u0142o\u017conych przez niego zam\u00f3wie\u0144 w Sklepie. Kupuj\u0105cy loguje si\u0119 do Konta z wykorzystaniem swojego adresu e-mail oraz zdefiniowanego przez siebie has\u0142a.  <\/li>\n<li>Za\u0142o\u017cenie konta w Sklepie odbywa si\u0119 poprzez wype\u0142nienie i przes\u0142anie, za pomoc\u0105 automatycznego mechanizmu Sklepu, formularza rejestracyjnego. Z chwil\u0105 przes\u0142ania formularza rejestracyjnego, mi\u0119dzy Kupuj\u0105cym a Sprzedawc\u0105 zawierana jest umowa o prowadzenie konta w Sklepie. Umowa zawierana jest na czas nieokre\u015blony, a Kupuj\u0105cy mo\u017ce t\u0119 umow\u0119 wypowiedzie\u0107 ze skutkiem natychmiastowym w ka\u017cdej chwili, usuwaj\u0105c konto.  <\/li>\n<li>Us\u0142ugi \u015bwiadczone s\u0105 drog\u0105 elektroniczn\u0105 na rzecz Kupuj\u0105cego nieodp\u0142atnie. Odp\u0142atne s\u0105 natomiast umowy sprzeda\u017cy zawierane za po\u015brednictwem Sklepu <\/li>\n<li>W celu zapewnienia bezpiecze\u0144stwa Kupuj\u0105cemu i przekazu danych w zwi\u0105zku z korzystaniem ze Sklepu, Sprzedawca podejmuje \u015brodki techniczne i organizacyjne odpowiednie do stopnia zagro\u017cenia bezpiecze\u0144stwa \u015bwiadczonych us\u0142ug, w szczeg\u00f3lno\u015bci \u015brodki s\u0142u\u017c\u0105ce zapobieganiu pozyskiwania i modyfikacji danych osobowych przez osoby nieuprawnione.<\/li>\n<li>Sprzedawca podejmuje dzia\u0142ania w celu zapewnienia w pe\u0142ni poprawnego funkcjonowania Sklepu. Kupuj\u0105cy powinien poinformowa\u0107 Sprzedawc\u0119 o wszelkich nieprawid\u0142owo\u015bciach lub przerwach w funkcjonowaniu Sklepu. <\/li>\n<li>Wszelkie reklamacje zwi\u0105zane z funkcjonowaniem Sklepu, Kupuj\u0105cy mo\u017ce zg\u0142asza\u0107 za po\u015brednictwem poczty elektronicznej na adres e-mail contact@infairno.com. W reklamacji Kupuj\u0105cy powinien poda\u0107 imi\u0119 i nazwisko, adres do korespondencji, a tak\u017ce rodzaj i dat\u0119 wyst\u0105pienia nieprawid\u0142owo\u015bci zwi\u0105zanej z funkcjonowaniem Sklepu. Sprzedawca b\u0119dzie rozpatrywa\u0107 wszelkie reklamacje w terminie do 14 dni od otrzymania reklamacji i poinformuje Klienta o jej rozstrzygni\u0119ciu na adres e-mail sk\u0142adaj\u0105cego reklamacj\u0119.  <\/li>\n<\/ol>\n<ol start=\"4\">\n<li>Sk\u0142adanie zam\u00f3wienia<\/li>\n<\/ol>\n<ol>\n<li>Kupuj\u0105cy mo\u017ce z\u0142o\u017cy\u0107 zam\u00f3wienie jako zarejestrowany klient albo jako go\u015b\u0107.<\/li>\n<li>Zarejestrowanym klientem jest Kupuj\u0105cy, kt\u00f3ry posiada konto w Sklepie. Kupuj\u0105cy mo\u017ce za\u0142o\u017cy\u0107 konto z poziomu zak\u0142adki Logowanie\/ Rejestracja lub w trakcie sk\u0142adania zam\u00f3wienia. <\/li>\n<li>W celu z\u0142o\u017cenia zam\u00f3wienia, Kupuj\u0105cy zobowi\u0105zany jest podj\u0105\u0107 nast\u0119puj\u0105ce kroki:\n<ol>\n<li>wybra\u0107 produkt lub produkty b\u0119d\u0105ce przedmiotem zam\u00f3wienia poprzez klikni\u0119cie przycisku Dodaj do koszyka,<\/li>\n<li>z widoku koszyka klikn\u0105\u0107 w przycisk Przejd\u017a do kasy,<\/li>\n<li>zalogowa\u0107 si\u0119 do swojego konta w Sklepie, za\u0142o\u017cy\u0107 konto,<\/li>\n<li>poda\u0107 adres do wysy\u0142ki zam\u00f3wienia oraz dane do faktury je\u015bli Kupuj\u0105cy wcze\u015bniej doda\u0142 okre\u015blone dane do konta, mo\u017ce wybra\u0107 te dane bez konieczno\u015bci ponownego ich uzupe\u0142niania albo poda\u0107 inne dane,<\/li>\n<li>wybra\u0107 metod\u0119 dostawy i p\u0142atno\u015bci za zam\u00f3wienie,<\/li>\n<li>poda\u0107 ewentualne uwagi do zam\u00f3wienia w polu Uwagi do zam\u00f3wienia<\/li>\n<li>zapozna\u0107 si\u0119 z Regulaminem i go zaakceptowa\u0107. Kupuj\u0105cy akceptuje Regulamin tylko, je\u015bli zapozna\u0142 si\u0119 z jego tre\u015bci\u0105 i rzeczywi\u015bcie akceptuje jego postanowienia; akceptacja Regulaminu jest dobrowolna, ale niezb\u0119dna do z\u0142o\u017cenia zam\u00f3wienia, <\/li>\n<li>klikn\u0105\u0107 w przycisk Kupuj\u0119 i p\u0142ac\u0119.<\/li>\n<\/ol>\n<\/li>\n<li>Je\u015bli Kupuj\u0105cy wybra\u0142 metod\u0119 p\u0142atno\u015bci za zam\u00f3wienie w postaci p\u0142atno\u015bci za po\u015brednictwem serwisu PayPal lub PRZELEWY24 po klikni\u0119ciu w przycisk Kupuj\u0119 i p\u0142ac\u0119 Kupuj\u0105cy zostanie przeniesiony na stron\u0119 transakcyjn\u0105 serwisu Paypal PRZELEWY24 celem dokonania p\u0142atno\u015bci za zam\u00f3wienie. Po dokonaniu p\u0142atno\u015bci, Kupuj\u0105cy zostanie zwrotnie przekierowany na stron\u0119 Sklepu z potwierdzeniem z\u0142o\u017cenia zam\u00f3wienia. Z t\u0105 chwil\u0105 umow\u0119 sprzeda\u017cy produkt\u00f3w obj\u0119tych zam\u00f3wieniem uwa\u017ca si\u0119 za zawart\u0105 mi\u0119dzy Kupuj\u0105cym a Sprzedawc\u0105.  <\/li>\n<li>Je\u015bli Kupuj\u0105cy wybra\u0142 metod\u0119 p\u0142atno\u015bci za zam\u00f3wienia inn\u0105 ni\u017c p\u0142atno\u015b\u0107 za po\u015brednictwem serwisu PayPal lub PRZELEWY24., po klikni\u0119ciu w przycisk Kupuj\u0119 i p\u0142ac\u0119 zostanie przeniesiony od razu na stron\u0119 z potwierdzeniem z\u0142o\u017cenia zam\u00f3wienia. Z t\u0105 chwil\u0105 umow\u0119 sprzeda\u017cy produkt\u00f3w obj\u0119tych zam\u00f3wieniem uwa\u017ca si\u0119 za zawart\u0105 mi\u0119dzy Kupuj\u0105cym a Sprzedawc\u0105. <\/li>\n<li>W formularzu zam\u00f3wienia Kupuj\u0105cy musi poda\u0107 prawdziwe dane osobowe. Kupuj\u0105cy ponosi odpowiedzialno\u015b\u0107 za podanie nieprawdziwych danych osobowych. Sprzedawca zastrzega sobie prawo do wstrzymania realizacji zam\u00f3wienia w sytuacji, gdy Kupuj\u0105cy poda\u0142 nieprawdziwe dane lub gdy dane te budz\u0105 uzasadnione w\u0105tpliwo\u015bci Sprzedaj\u0105cego co do ich poprawno\u015bci. W takim przypadku Kupuj\u0105cy zostanie poinformowany telefonicznie lub poprzez poczt\u0119 elektroniczn\u0105 o w\u0105tpliwo\u015bciach Sprzedawcy. W takiej sytuacji Kupuj\u0105cemu przys\u0142uguje prawo wyja\u015bnienia wszelkich okoliczno\u015bci zwi\u0105zanych z weryfikacj\u0105 prawdziwo\u015bci podanych danych. W przypadku braku danych pozwalaj\u0105cych Sprzedawcy na podj\u0119cie kontaktu z Kupuj\u0105cym, Sprzedawca udzieli wszelkich wyja\u015bnie\u0144 po podj\u0119ciu kontaktu przez Kupuj\u0105cego.     <\/li>\n<li>Kupuj\u0105cy o\u015bwiadcza, \u017ce wszelkie dane podane przez niego w formularzu zam\u00f3wienia s\u0105 prawdziwe, natomiast Sprzedawca nie jest zobowi\u0105zany do weryfikowania ich prawdziwo\u015bci i poprawno\u015bci, cho\u0107 posiada takie uprawnienie zgodnie z ust. 6 powy\u017cej. <\/li>\n<\/ol>\n<ol start=\"5\">\n<li>Formy dostawy i metody p\u0142atno\u015bci<\/li>\n<\/ol>\n<ol>\n<li>Kupuj\u0105cy ma do wyboru nast\u0119puj\u0105ce formy dostawy zam\u00f3wienia:\n<ol>\n<li>przesy\u0142ka na terenie kraju za po\u015brednictwem firmy kurierskiej Inpost \u2013 p\u0142atno\u015b\u0107 przelewem 17 z\u0142, orientacyjny czas dostawy: 5 dni roboczych od chwili realizacji zam\u00f3wienia,<\/li>\n<li>przesy\u0142ka poza terenem kraju za po\u015brednictwem Poczty Polskiej lub firmy kurierskiej DPD \u2013 koszt dobierany indywidualnie zale\u017cnie od kraju destynacji.<\/li>\n<\/ol>\n<\/li>\n<li>Koszt dostawy ponosi Kupuj\u0105cy, chyba \u017ce Sprzedawca odmiennie okre\u015bli w Sklepie.<\/li>\n<li>Podmiotem \u015bwiadcz\u0105cym obs\u0142ug\u0119 p\u0142atno\u015bci online s\u0105 PARZELEWY 24.<\/li>\n<li>Kupuj\u0105cy ma do wyboru nast\u0119puj\u0105ce metody p\u0142atno\u015bci za zam\u00f3wione produkty:\n<ol>\n<li>przelew na rachunek bankowy Sprzedawcy,<\/li>\n<li>p\u0142atno\u015b\u0107 za po\u015brednictwem serwisu PayPal lub Przelewy24.,<\/li>\n<li>p\u0142atno\u015b\u0107 za po\u015brednictwem kart p\u0142atniczych takich jak Visa, Visa Electron, MasterCard, MasterCard Electronic, Maestro<\/li>\n<\/ol>\n<\/li>\n<\/ol>\n<ol start=\"6\">\n<li>Realizacja zam\u00f3wienia<\/li>\n<\/ol>\n<ol>\n<li>Po z\u0142o\u017ceniu przez Kupuj\u0105cego zam\u00f3wienia zgodnie z procedur\u0105 opisan\u0105 w \u00a7 4 Regulaminu, na adres poczty elektronicznej Kupuj\u0105cego zostanie wys\u0142ane potwierdzenie zam\u00f3wienia.<\/li>\n<li>Je\u015bli Kupuj\u0105cy wybra\u0142 metod\u0119 p\u0142atno\u015bci w postaci przelewu na rachunek bankowy Sprzedawcy, zobowi\u0105zany jest zap\u0142aci\u0107 za zam\u00f3wienie w terminie 2 dni od chwili zawarcia umowy.<\/li>\n<li>Realizacja zam\u00f3wienia polega na jego przygotowaniu do wysy\u0142ki do Kupuj\u0105cego.. Zam\u00f3wienie uwa\u017ca si\u0119 za zrealizowane z chwil\u0105 przygotowania zam\u00f3wienia do wysy\u0142ki albo przygotowania do odbioru osobistego przez Kupuj\u0105cego.<\/li>\n<li>Czas realizacji zam\u00f3wienia ka\u017cdorazowo wskazany jest w opisie produktu.<\/li>\n<li>Je\u015bli zam\u00f3wienie obejmuje wi\u0119cej ni\u017c jeden produkt, czasem realizacji zam\u00f3wienia jest najd\u0142u\u017cszy czas wskazany w opisie produktu wchodz\u0105cego w sk\u0142ad zam\u00f3wienia.<\/li>\n<li>Czas realizacji zam\u00f3wienia liczony jest od chwili dokonania p\u0142atno\u015bci za zam\u00f3wienie, chyba, \u017ce Kupuj\u0105cy wybra\u0142 form\u0119 p\u0142atno\u015bci za pobraniem, wtedy czas realizacji zam\u00f3wienia liczony jest do chwili zawarcia umowy.<\/li>\n<li>Przy p\u0142atno\u015bciach kart\u0105 zam\u00f3wienie jest przekazane do realizacji w momencie uzyskania pozytywnej autoryzacji.<\/li>\n<li>Po zrealizowaniu zam\u00f3wienia Sprzedawca prze\u015ble na adres poczty elektronicznej Kupuj\u0105cego potwierdzenie realizacji zam\u00f3wienia i rozpocznie wysy\u0142k\u0119 zam\u00f3wienia do Kupuj\u0105cego.<\/li>\n<li>Wysy\u0142ka zam\u00f3wienia do Kupuj\u0105cego realizowana jest w spos\u00f3b wybrany przez Kupuj\u0105cego zgodnie z \u00a7 4 ust. 1 Regulaminu. <\/li>\n<li>Czas dostawy zam\u00f3wienia do Kupuj\u0105cego zale\u017cny jest od wybranej przez Kupuj\u0105cego metody wysy\u0142ki i liczony jest od dnia zrealizowania zam\u00f3wienia zgodnie z \u00a7 6 ust. 3 Regulaminu. <\/li>\n<\/ol>\n<ol start=\"7\">\n<li>Odst\u0105pienie od umowy Konsumenta<\/li>\n<\/ol>\n<ol>\n<li>Konsument, kt\u00f3ry zawar\u0142 ze Sprzedawc\u0105 umow\u0119 na odleg\u0142o\u015b\u0107, ma prawo odst\u0105pi\u0107 od umowy bez podawania przyczyny w terminie 14 dni od dnia obj\u0119cia w posiadanie kupionych rzeczy.<\/li>\n<li>Prawo do odst\u0105pienia od umowy nie przys\u0142uguje w stosunku do umowy, w kt\u00f3rej przedmiotem \u015bwiadczenia jest rzecz nieprefabrykowana, wyprodukowana wed\u0142ug specyfikacji konsumenta lub s\u0142u\u017c\u0105ca zaspokojeniu jego zindywidualizowanych potrzeb<\/li>\n<li>Aby odst\u0105pi\u0107 od umowy, Konsument musi poinformowa\u0107 Sprzedawc\u0119 o swojej decyzji o odst\u0105pieniu od umowy w drodze jednoznacznego o\u015bwiadczenia na przyk\u0142ad pismo wys\u0142ane poczt\u0105, faksem lub poczt\u0105 elektroniczn\u0105.<\/li>\n<li>Aby zwrot zosta\u0142 uwzgl\u0119dniony, konsument musi przes\u0142a\u0107 formularz odst\u0105pienia od umowy wraz z paragonem lub faktur\u0105 i zwracanym produktem do Sprzedawcy.<\/li>\n<li>Aby zachowa\u0107 termin do odst\u0105pienia od umowy, wystarczy, aby Konsument wys\u0142a\u0142 informacj\u0119 dotycz\u0105c\u0105 wykonania przys\u0142uguj\u0105cego Konsumentowi prawa odst\u0105pienia od umowy przed up\u0142ywem terminu do odst\u0105pienia od umowy.<\/li>\n<li>Konsument ma obowi\u0105zek zwr\u00f3ci\u0107 produkt Sprzedawcy lub przekaza\u0107 go osobie upowa\u017cnionej przez Sprzedawc\u0119 do odbioru niezw\u0142ocznie, jednak nie p\u00f3\u017aniej ni\u017c 14 dni od dnia, w kt\u00f3rym odst\u0105pi\u0142 od umowy, chyba \u017ce Sprzedawca zaproponowa\u0142, \u017ce sam odbierze rzecz. Do zachowania terminu wystarczy odes\u0142anie produktu przed jego up\u0142ywem <\/li>\n<li>Konsument ponosi bezpo\u015brednie koszty zwrotu rzeczy.<\/li>\n<li>W przypadku odst\u0105pienia od umowy, Sprzedawca zwraca Konsumentowi wszystkie otrzymane od Konsumenta p\u0142atno\u015bci, w tym najta\u0144szy dost\u0119pny w Sklepie koszt dostarczenia produkt\u00f3w (je\u015bli koszt pokry\u0142 Konsument) niezw\u0142ocznie, a w ka\u017cdym przypadku nie p\u00f3\u017aniej ni\u017c 14 dni od dnia, w kt\u00f3rym Sprzedawca zosta\u0142 poinformowany o wykonaniu prawa odst\u0105pienia od umowy. Zwrot p\u0142atno\u015bci zostanie dokonany przy u\u017cyciu takich samych sposob\u00f3w p\u0142atno\u015bci, jakie zosta\u0142y przez Konsumenta u\u017cyte w pierwotnej transakcji, chyba \u017ce Konsument wyra\u017anie zgodzi\u0142 si\u0119 na inne rozwi\u0105zanie. W ka\u017cdym przypadku Konsument nie poniesie \u017cadnych op\u0142at w zwi\u0105zku z form\u0105 zwrotu p\u0142atno\u015bci.  <\/li>\n<li>Je\u017celi Sprzedawca nie zaproponowa\u0142, \u017ce sam odbierze rzecz od Konsumenta, mo\u017ce wstrzyma\u0107 si\u0119 ze zwrotem p\u0142atno\u015bci otrzymanych od Konsumenta do chwili otrzymania rzeczy z powrotem lub dostarczenia przez Konsumenta dowodu jej odes\u0142ania, w zale\u017cno\u015bci od tego, kt\u00f3re zdarzenie nast\u0105pi wcze\u015bniej.<\/li>\n<li>Konsument ponosi odpowiedzialno\u015b\u0107 za zmniejszenie warto\u015bci produktu b\u0119d\u0105ce wynikiem korzystania z produktu w spos\u00f3b wykraczaj\u0105cy poza konieczny do stwierdzenia charakteru, cech i funkcjonowania produktu.<\/li>\n<li>W przypadku, gdy p\u0142atno\u015b\u0107 za zam\u00f3wienie zosta\u0142a dokonana przy u\u017cyciu karty p\u0142atniczej, Sprzedaj\u0105cy dokona zwrotu na rachunek karty u\u017cytej do p\u0142atno\u015bci.<\/li>\n<\/ol>\n<ol start=\"8\">\n<li>Odpowiedzialno\u015b\u0107 za wady<\/li>\n<\/ol>\n<ol>\n<li>Sprzedawca ma obowi\u0105zek dostarczy\u0107 Kupuj\u0105cemu produkt wolny od wad.<\/li>\n<li>Sprzedawca jest odpowiedzialny wzgl\u0119dem Kupuj\u0105cego, je\u017celi sprzedany produkt ma wad\u0119 fizyczn\u0105 lub prawn\u0105 (r\u0119kojmia za wady).<\/li>\n<li>Je\u017celi sprzedany produkt ma wad\u0119, Kupuj\u0105cy mo\u017ce:\n<ol>\n<li>\u017c\u0105da\u0107 wymiany produktu na wolny od wad,<\/li>\n<li>\u017c\u0105da\u0107 usuni\u0119cia wady,<\/li>\n<li>z\u0142o\u017cy\u0107 o\u015bwiadczenie o obni\u017ceniu ceny,<\/li>\n<li>z\u0142o\u017cy\u0107 o\u015bwiadczenie o odst\u0105pieniu od umowy.<\/li>\n<\/ol>\n<\/li>\n<li>Je\u015bli Kupuj\u0105cy stwierdzi wad\u0119 produktu, powinien poinformowa\u0107 o tym Sprzedawc\u0119, okre\u015blaj\u0105c jednocze\u015bnie swoje roszczenie zwi\u0105zane ze stwierdzon\u0105 wad\u0105 lub sk\u0142adaj\u0105c o\u015bwiadczenie stosownej tre\u015bci.<\/li>\n<li>Kupuj\u0105cy MUSI skorzysta\u0107 z formularza reklamacyjnego.<\/li>\n<li>Kupuj\u0105cy mo\u017ce kontaktowa\u0107 si\u0119 ze Sprzedawc\u0105 zar\u00f3wno poczt\u0105 tradycyjn\u0105, jak r\u00f3wnie\u017c poczt\u0105 elektroniczn\u0105.<\/li>\n<li>Sprzedawca ustosunkuje si\u0119 do sk\u0142adanej przez Kupuj\u0105cego reklamacji w ci\u0105gu 14 dni od dnia dor\u0119czenia mu reklamacji za pomoc\u0105 takiego \u015brodka komunikacji, przy wykorzystaniu kt\u00f3rego reklamacja zosta\u0142a z\u0142o\u017cona.<\/li>\n<li>Szczeg\u00f3\u0142y dotycz\u0105ce r\u0119kojmi Sprzedawcy za wady reguluj\u0105 przepisy Kodeksu cywilnego (art. 556 par.576).<\/li>\n<\/ol>\n<ol start=\"9\">\n<li>Dane osobowe i pliki cookies<\/li>\n<\/ol>\n<p>Dzia\u0142aj\u0105c zgodnie z art. 13 ust. 1 Rozporz\u0105dzenia Parlamentu Europejskiego i<br \/>\nRady (UE) 2016\/679 z dnia 27 kwietnia 2016 r. w sprawie ochrony os\u00f3b fizycznych<br \/>\nw zwi\u0105zku z przetwarzaniem danych osobowych i w sprawie swobodnego przep\u0142ywu takich danych oraz uchylenia dyrektywy 95\/46\/WE (Dz.U.UE.L.2016.119.1), dalej jako:? RODO? informujemy, \u017ce:     <\/p>\n<ol>\n<li>Administratorem danych osobowych Klient\u00f3w zbieranych za po\u015brednictwem Sklepu internetowego jest Sprzedawca.<\/li>\n<li>Dane osobowe Klient\u00f3w zbierane przez administratora za po\u015brednictwem Sklepu internetowego zbierane s\u0105 w celu realizacji Umowy Sprzeda\u017cy, a je\u017celi Klient wyrazi na to zgod\u0119 \u2013 tak\u017ce w celu marketingowym.<\/li>\n<li>Odbiorcami danych osobowych Klient\u00f3w Sklepu internetowego mog\u0105 by\u0107:<\/li>\n<li>W przypadku Klienta, kt\u00f3ry korzysta w Sklepie internetowym ze sposobu dostawy przesy\u0142k\u0105 pocztow\u0105 lub przesy\u0142k\u0105 kuriersk\u0105, Administrator udost\u0119pnia zebrane dane osobowe Klienta wybranemu przewo\u017anikowi lub po\u015brednikowi realizuj\u0105cemu przesy\u0142ki na zlecenie Administratora.<\/li>\n<li>W przypadku Klienta, kt\u00f3ry korzysta w Sklepie internetowym ze sposobu p\u0142atno\u015bci elektronicznych lub kart\u0105 p\u0142atnicz\u0105 Administrator udost\u0119pnia zebrane dane osobowe Klienta, wybranemu podmiotowi obs\u0142uguj\u0105cemu powy\u017csze p\u0142atno\u015bci w Sklepie internetowym.<\/li>\n<li>Klient ma prawo dost\u0119pu do tre\u015bci swoich danych oraz ich poprawiania.<\/li>\n<li>Podanie danych osobowych jest dobrowolne, aczkolwiek niepodanie wskazanych w Regulaminie danych osobowych niezb\u0119dnych do zawarcia Umowy Sprzeda\u017cy skutkuje brakiem mo\u017cliwo\u015bci zawarcia tej\u017ce umowy.<\/li>\n<li>Zasady dotycz\u0105ce przetwarzania danych osobowych oraz<br \/>\nwykorzystywania plik\u00f3w cookies znajduj\u0105 si\u0119 w polityce prywatno\u015bci<br \/>\ndost\u0119pnej pod adresem <a href=\"https:\/\/infairno.com\/en\/privacy-policy\/\">https:\/\/infairno.com\/strona\/polityka-prywatnosci<\/a><\/li>\n<li>Sposoby rozpatrywania reklamacji i dochodzenia roszcze\u0144<\/li>\n<\/ol>\n<ol>\n<li>Sprzedawca wyra\u017ca zgod\u0119 na poddanie ewentualnych spor\u00f3w wynik\u0142ych w zwi\u0105zku ze sprzeda\u017c\u0105 towar\u00f3w na drodze post\u0119powania mediacyjnego. Szczeg\u00f3\u0142y zostan\u0105 okre\u015blone przez strony konfliktu. <\/li>\n<li>Konsument ma mo\u017cliwo\u015b\u0107 skorzystania z pozas\u0105dowych sposob\u00f3w rozpatrywania reklamacji i dochodzenia roszcze\u0144. Mi\u0119dzy innymi, Konsument ma mo\u017cliwo\u015b\u0107:\n<ol>\n<li>zwr\u00f3cenia si\u0119 do sta\u0142ego polubownego s\u0105du konsumenckiego z wnioskiem o rozstrzygni\u0119ciu sporu wynik\u0142ego z zawartej umowy sprzeda\u017cy,<\/li>\n<li>zwr\u00f3cenia si\u0119 do wojew\u00f3dzkiego inspektora Inspekcji Handlowej z wnioskiem o wszcz\u0119cie post\u0119powania mediacyjnego w sprawie polubownego zako\u0144czenia sporu mi\u0119dzy Kupuj\u0105cym a Sprzedawc\u0105,<\/li>\n<li>skorzystania z pomocy powiatowego (miejskiego) rzecznika prawa konsumenta lub organizacji spo\u0142ecznej, do kt\u00f3rej statutowych zada\u0144 nale\u017cy ochrona konsument\u00f3w.<\/li>\n<\/ol>\n<\/li>\n<li>Bardziej szczeg\u00f3\u0142owych informacji na temat pozas\u0105dowych sposob\u00f3w rozpatrywania reklamacji i dochodzenia roszcze\u0144, Konsument mo\u017ce szuka\u0107 na stronie internetowej <a href=\"http:\/\/uokik.gov.pl\/\">http:\/\/polubownie.uokik.gov.pl<\/a>.<\/li>\n<li>Konsument mo\u017ce r\u00f3wnie\u017c skorzysta\u0107 z platformy ODR, kt\u00f3ra dost\u0119pna jest pod adresem <a href=\"http:\/\/ec.europa.eu\/consumers\/odr\">http:\/\/ec.europa.eu\/consumers\/odr<\/a>. Platforma s\u0142u\u017cy rozstrzyganiu spor\u00f3w pomi\u0119dzy konsumentami i przedsi\u0119biorcami d\u0105\u017c\u0105cymi do pozas\u0105dowego rozstrzygni\u0119cia sporu dotycz\u0105cego zobowi\u0105za\u0144 umownych wynikaj\u0105cych z internetowej umowy sprzeda\u017cy lub umowy o \u015bwiadczenie us\u0142ug. <\/li>\n<\/ol>\n<ol start=\"12\">\n<li>Postanowienia ko\u0144cowe<\/li>\n<\/ol>\n<ol>\n<li>Sprzedawca zastrzega sobie prawo do wprowadzania oraz odwo\u0142ywania ofert, promocji oraz do zmiany cen produkt\u00f3w w Sklepie bez uszczerbku dla praw nabytych przez Kupuj\u0105cego, w tym w szczeg\u00f3lno\u015bci warunk\u00f3w um\u00f3w zawartych przed dokonaniem zmiany.<\/li>\n<li>Sprzedawca zastrzega sobie mo\u017cliwo\u015b\u0107 wprowadzania zmian w Regulaminie. Do um\u00f3w zawartych przed zmian\u0105 Regulaminu stosuje si\u0119 Regulamin obowi\u0105zuj\u0105cy w dacie zawarcia umowy. <\/li>\n<li>Kupuj\u0105cy, kt\u00f3rzy posiadaj\u0105 konto w Sklepie o ka\u017cdej zmianie Regulaminu zostan\u0105 powiadomieni poczt\u0105 elektroniczn\u0105 na adres e-mail przypisany do konta. W przypadku braku akceptacji tre\u015bci nowego Regulaminu, Kupuj\u0105cy ma prawo w ka\u017cdym czasie wypowiedzie\u0107 umow\u0119 o prowadzenie konta poprzez usuni\u0119cie konta lub z\u0142o\u017cenie Sprzedawcy stosownego o\u015bwiadczenia, w dowolnej formie, o wypowiedzeniu umowy o prowadzenie konta. <\/li>\n<li>Niniejszy Regulamin obowi\u0105zuje od dnia 01.03.2021<\/li>\n<li>Wszystkie archiwalne wersje Regulaminu dost\u0119pne s\u0105 do \u015bci\u0105gni\u0119cia w formacie pdf linki znajduj\u0105 si\u0119 poni\u017cej Regulaminu<\/li>\n<\/ol>\n<\/div><\/div><\/div><\/div><\/div><\/div><\/section>\n","protected":false},"excerpt":{"rendered":"Shop RegulationsDzie\u0144 dobry! Poni\u017cej znajdziesz regulamin sklepu internetowego inFAIRno, w kt\u00f3rym zawarte zosta\u0142y informacje m.in. o sposobie z\u0142o\u017cenia zam\u00f3wienia i zawarcia umowy sprzeda\u017cy, formach dostawy i p\u0142atno\u015bci dost\u0119pnych w sklepie, procedurze odst\u0105pienia od umowy, czy post\u0119powaniu reklamacyjnym. Sklep nale\u017cy do INF Team, ul. D\u0119bowa 1, 76-003 Sucha Koszali\u0144ska, NIP: 669-238-22-44, REGON: 364428285 W ka\u017cdej chwili...","protected":false},"author":10,"featured_media":0,"parent":0,"menu_order":0,"comment_status":"closed","ping_status":"closed","template":"","meta":{"_uf_show_specific_survey":0,"_uf_disable_surveys":false,"footnotes":""},"class_list":["post-19274","page","type-page","status-publish","hentry"],"jetpack_sharing_enabled":true,"_links":{"self":[{"href":"https:\/\/infairno.com\/en\/wp-json\/wp\/v2\/pages\/19274","targetHints":{"allow":["GET"]}}],"collection":[{"href":"https:\/\/infairno.com\/en\/wp-json\/wp\/v2\/pages"}],"about":[{"href":"https:\/\/infairno.com\/en\/wp-json\/wp\/v2\/types\/page"}],"author":[{"embeddable":true,"href":"https:\/\/infairno.com\/en\/wp-json\/wp\/v2\/users\/10"}],"replies":[{"embeddable":true,"href":"https:\/\/infairno.com\/en\/wp-json\/wp\/v2\/comments?post=19274"}],"version-history":[{"count":2,"href":"https:\/\/infairno.com\/en\/wp-json\/wp\/v2\/pages\/19274\/revisions"}],"predecessor-version":[{"id":19276,"href":"https:\/\/infairno.com\/en\/wp-json\/wp\/v2\/pages\/19274\/revisions\/19276"}],"wp:attachment":[{"href":"https:\/\/infairno.com\/en\/wp-json\/wp\/v2\/media?parent=19274"}],"curies":[{"name":"wp","href":"https:\/\/api.w.org\/{rel}","templated":true}]}}