{"id":19265,"date":"2023-06-29T12:24:41","date_gmt":"2023-06-29T10:24:41","guid":{"rendered":"https:\/\/infairno.com\/shipping-payment\/"},"modified":"2025-04-13T14:38:22","modified_gmt":"2025-04-13T12:38:22","slug":"shipping-payment","status":"publish","type":"page","link":"https:\/\/infairno.com\/en\/shipping-payment\/","title":{"rendered":"Shipping &amp; Payment"},"content":{"rendered":"<section class=\"l-section wpb_row us_custom_821019ce height_large width_custom\" style=\"--site-content-width:900px;\"><div class=\"l-section-h i-cf\"><div class=\"g-cols vc_row via_grid cols_1 laptops-cols_inherit tablets-cols_inherit mobiles-cols_1 valign_top type_default stacking_default\"><div class=\"wpb_column vc_column_container\"><div class=\"vc_column-inner\"><div class=\"wpb_text_column\"><div class=\"wpb_wrapper\"><h1>P\u0142atno\u015bci<\/h1>\n<\/div><\/div><div class=\"w-separator size_small\"><\/div><div class=\"wpb_text_column\"><div class=\"wpb_wrapper\"><p>Nale\u017cno\u015bci za towar, oraz koszt dostarczenia zam\u00f3wienia, uiszczane s\u0105 poprzez system p\u0142atno\u015bci PayPal, oraz przelewy bankowe (przez opcj\u0119 Przelewy24), \u015bwiadczone przez firm\u0119 BlueMedia, oraz kart\u0105 w systemach:<\/p>\n<ul>\n<li>Visa<\/li>\n<li>Visa Electron<\/li>\n<li>MasterCard<\/li>\n<li>MasterCard Electronic<\/li>\n<li>Maestro<\/li>\n<\/ul>\n<\/div><\/div><\/div><\/div><\/div><\/div><\/section><section class=\"l-section wpb_row us_custom_97279636 height_large width_custom\" style=\"--site-content-width:900px;\"><div class=\"l-section-h i-cf\"><div class=\"g-cols vc_row via_grid cols_1 laptops-cols_inherit tablets-cols_inherit mobiles-cols_1 valign_top type_default stacking_default\"><div class=\"wpb_column vc_column_container\"><div class=\"vc_column-inner\"><div class=\"wpb_text_column\"><div class=\"wpb_wrapper\"><h1>Dostawa<\/h1>\n<\/div><\/div><div class=\"w-separator size_small\"><\/div><div class=\"wpb_text_column\"><div class=\"wpb_wrapper\"><p>Wszystkie zam\u00f3wienia przetwarzamy w przeci\u0105gu 7 dni roboczych. Je\u017celi termin ten si\u0119 wyd\u0142u\u017ca, zostaniesz o tym poinformowana drog\u0105 mailow\u0105. Czas od momentu przekazania przesy\u0142ki kurierowi do dostarczenia jej pod wskazany adres zajmuje do dw\u00f3ch dni roboczych. Informacje o statusie przesy\u0142ki dostaniesz od firmy kurierskiej drog\u0105 mailow\u0105.<\/p>\n<p>Formy dostawy:<\/p>\n<ul>\n<li>przesy\u0142ka kurierska INPOST<\/li>\n<\/ul>\n<p>Przesy\u0142k\u0119 na terenie Europy dostarczamy za po\u015brednictwem firmy DPD lub Poczty Polskiej.<\/p>\n<p>Termin dostarczenia paczki r\u00f3\u017cni si\u0119 tutaj zale\u017cnie od kraju. Je\u015bli potrzebujesz wi\u0119cej szczeg\u00f3\u0142\u00f3w informacji, napisz do nas na: <a href=\"mailto:hello@infairno.com\" target=\"_blank\" rel=\"noopener noreferrer\">hello@infairno.com<\/a><\/p>\n<p>Przesy\u0142k\u0119 na teren poza Europ\u0105 dostarczamy za po\u015brednictwem Poczty Polskiej. Termin dostarczenia paczki r\u00f3\u017cni si\u0119 tutaj zale\u017cnie od kraju. Je\u015bli potrzebujesz wi\u0119cej szczeg\u00f3\u0142\u00f3w informacji, napisz do nas na: <a href=\"mailto:hello@infairno.com\" target=\"_blank\" rel=\"noopener noreferrer\">hello@infairno.com<\/a><\/p>\n<\/div><\/div><\/div><\/div><\/div><\/div><\/section>\n","protected":false},"excerpt":{"rendered":"P\u0142atno\u015bci Nale\u017cno\u015bci za towar, oraz koszt dostarczenia zam\u00f3wienia, uiszczane s\u0105 poprzez system p\u0142atno\u015bci PayPal, oraz przelewy bankowe (przez opcj\u0119 Przelewy24), \u015bwiadczone przez firm\u0119 BlueMedia, oraz kart\u0105 w systemach: Visa Visa Electron MasterCard MasterCard Electronic Maestro Dostawa Wszystkie zam\u00f3wienia przetwarzamy w przeci\u0105gu 7 dni roboczych. Je\u017celi termin ten si\u0119 wyd\u0142u\u017ca, zostaniesz o tym poinformowana drog\u0105 mailow\u0105....","protected":false},"author":10,"featured_media":0,"parent":0,"menu_order":0,"comment_status":"closed","ping_status":"closed","template":"","meta":{"_uf_show_specific_survey":0,"_uf_disable_surveys":false,"footnotes":""},"class_list":["post-19265","page","type-page","status-publish","hentry"],"jetpack_sharing_enabled":true,"_links":{"self":[{"href":"https:\/\/infairno.com\/en\/wp-json\/wp\/v2\/pages\/19265","targetHints":{"allow":["GET"]}}],"collection":[{"href":"https:\/\/infairno.com\/en\/wp-json\/wp\/v2\/pages"}],"about":[{"href":"https:\/\/infairno.com\/en\/wp-json\/wp\/v2\/types\/page"}],"author":[{"embeddable":true,"href":"https:\/\/infairno.com\/en\/wp-json\/wp\/v2\/users\/10"}],"replies":[{"embeddable":true,"href":"https:\/\/infairno.com\/en\/wp-json\/wp\/v2\/comments?post=19265"}],"version-history":[{"count":2,"href":"https:\/\/infairno.com\/en\/wp-json\/wp\/v2\/pages\/19265\/revisions"}],"predecessor-version":[{"id":19267,"href":"https:\/\/infairno.com\/en\/wp-json\/wp\/v2\/pages\/19265\/revisions\/19267"}],"wp:attachment":[{"href":"https:\/\/infairno.com\/en\/wp-json\/wp\/v2\/media?parent=19265"}],"curies":[{"name":"wp","href":"https:\/\/api.w.org\/{rel}","templated":true}]}}